{"id":4575,"date":"2015-02-06T06:45:01","date_gmt":"2015-02-06T05:45:01","guid":{"rendered":"http:\/\/www.baazar.se\/sv\/?post_type=product&#038;p=4575"},"modified":"2026-03-26T16:13:55","modified_gmt":"2026-03-26T15:13:55","slug":"16-svart","status":"publish","type":"product","link":"https:\/\/www.baazar.se\/sv\/produkt\/16-svart\/","title":{"rendered":"A-16, svart"},"content":{"rendered":"","protected":false},"excerpt":{"rendered":"<p>St\u00e5tligt och praktiskt sk\u00e5p med m\u00e5nga luckor och hyllor, vackra beslag. Djup 37 cm, bredd 66 cm, h\u00f6jd 185 cm.<\/p>\n<p>Popul\u00e4r m\u00f6bel som oftast s\u00e4ljer slut innan den hinner in p\u00e5 lager.<\/p>\n<p><span class=\"product_dimensions\">En unik m\u00f6bel till ditt hem<br \/>\nBaazar tillverkar och renoverar m\u00f6bler varsamt f\u00f6r hand enligt tusen\u00e5riga traditioner. Alla m\u00f6bler tillverkas helt utav tr\u00e4. <a href=\"https:\/\/www.baazar.se\/sv\/baazars-mobelverkstad\/\">L\u00e4s mer om v\u00e5r produktion h\u00e4r\u2026<\/a><\/span><\/p>\n","protected":false},"featured_media":13288,"template":"","meta":[],"product_brand":[],"product_cat":[136,360,358,131,356,107,357,389,359],"product_tag":[380,375],"class_list":{"0":"post-4575","1":"product","2":"type-product","3":"status-publish","4":"has-post-thumbnail","6":"product_cat-baazars-favoriter","7":"product_cat-badrum","8":"product_cat-hall","9":"product_cat-hylla","10":"product_cat-rum","11":"product_cat-skap","12":"product_cat-sovrum","13":"product_cat-stora_skap","14":"product_cat-vardagsrum","15":"product_tag-skap","16":"product_tag-svart","17":"product_shipping_class-hemleverans-18-21kg-900","18":"tm-has-options","20":"first","21":"instock","22":"sale","23":"featured","24":"taxable","25":"shipping-taxable","26":"purchasable","27":"product-type-simple"},"_links":{"self":[{"href":"https:\/\/www.baazar.se\/sv\/wp-json\/wp\/v2\/product\/4575","targetHints":{"allow":["GET"]}}],"collection":[{"href":"https:\/\/www.baazar.se\/sv\/wp-json\/wp\/v2\/product"}],"about":[{"href":"https:\/\/www.baazar.se\/sv\/wp-json\/wp\/v2\/types\/product"}],"wp:featuredmedia":[{"embeddable":true,"href":"https:\/\/www.baazar.se\/sv\/wp-json\/wp\/v2\/media\/13288"}],"wp:attachment":[{"href":"https:\/\/www.baazar.se\/sv\/wp-json\/wp\/v2\/media?parent=4575"}],"wp:term":[{"taxonomy":"product_brand","embeddable":true,"href":"https:\/\/www.baazar.se\/sv\/wp-json\/wp\/v2\/product_brand?post=4575"},{"taxonomy":"product_cat","embeddable":true,"href":"https:\/\/www.baazar.se\/sv\/wp-json\/wp\/v2\/product_cat?post=4575"},{"taxonomy":"product_tag","embeddable":true,"href":"https:\/\/www.baazar.se\/sv\/wp-json\/wp\/v2\/product_tag?post=4575"}],"curies":[{"name":"wp","href":"https:\/\/api.w.org\/{rel}","templated":true}]}}