{"id":4582,"date":"2015-02-06T08:18:35","date_gmt":"2015-02-06T07:18:35","guid":{"rendered":"http:\/\/www.baazar.se\/sv\/?post_type=product&#038;p=4582"},"modified":"2026-03-26T16:13:28","modified_gmt":"2026-03-26T15:13:28","slug":"mqn-042","status":"publish","type":"product","link":"https:\/\/www.baazar.se\/sv\/produkt\/mqn-042\/","title":{"rendered":"MQN-042 Svart"},"content":{"rendered":"","protected":false},"excerpt":{"rendered":"<p>En riktig baazarklassiker med m\u00e5nga anv\u00e4ndningsomr\u00e5den. Tillverkad i Zhejiang provinsen.\u00a0Dimensioner: Djup\u00a0<span class=\"product_dimensions\">46, Bred 68, H\u00f6g 58 cm.<\/span><\/p>\n<p>En unik m\u00f6bel till ditt hem<br \/>\nBaazar tillverkar och renoverar m\u00f6bler varsamt f\u00f6r hand enligt tusen\u00e5riga traditioner. Alla m\u00f6bler tillverkas helt utav tr\u00e4. <a href=\"https:\/\/www.baazar.se\/sv\/baazars-mobelverkstad\/\">L\u00e4s mer om v\u00e5r produktion h\u00e4r\u2026<\/a><\/p>\n","protected":false},"featured_media":26150,"template":"","meta":[],"product_brand":[],"product_cat":[136,358,394,107,108,357,359],"product_tag":[318,380,187],"class_list":{"0":"post-4582","1":"product","2":"type-product","3":"status-publish","4":"has-post-thumbnail","6":"product_cat-baazars-favoriter","7":"product_cat-hall","8":"product_cat-sangskap","9":"product_cat-skap","10":"product_cat-sma","11":"product_cat-sovrum","12":"product_cat-vardagsrum","13":"product_tag-baazars-favoriter","14":"product_tag-skap","15":"product_tag-tv-bank","16":"product_shipping_class-hemleverans-13-15kg-499kr","17":"tm-has-options","19":"first","20":"onbackorder","21":"taxable","22":"shipping-taxable","23":"purchasable","24":"product-type-simple"},"_links":{"self":[{"href":"https:\/\/www.baazar.se\/sv\/wp-json\/wp\/v2\/product\/4582","targetHints":{"allow":["GET"]}}],"collection":[{"href":"https:\/\/www.baazar.se\/sv\/wp-json\/wp\/v2\/product"}],"about":[{"href":"https:\/\/www.baazar.se\/sv\/wp-json\/wp\/v2\/types\/product"}],"wp:featuredmedia":[{"embeddable":true,"href":"https:\/\/www.baazar.se\/sv\/wp-json\/wp\/v2\/media\/26150"}],"wp:attachment":[{"href":"https:\/\/www.baazar.se\/sv\/wp-json\/wp\/v2\/media?parent=4582"}],"wp:term":[{"taxonomy":"product_brand","embeddable":true,"href":"https:\/\/www.baazar.se\/sv\/wp-json\/wp\/v2\/product_brand?post=4582"},{"taxonomy":"product_cat","embeddable":true,"href":"https:\/\/www.baazar.se\/sv\/wp-json\/wp\/v2\/product_cat?post=4582"},{"taxonomy":"product_tag","embeddable":true,"href":"https:\/\/www.baazar.se\/sv\/wp-json\/wp\/v2\/product_tag?post=4582"}],"curies":[{"name":"wp","href":"https:\/\/api.w.org\/{rel}","templated":true}]}}