{"id":4609,"date":"2015-02-06T09:51:13","date_gmt":"2015-02-06T08:51:13","guid":{"rendered":"http:\/\/www.baazar.se\/sv\/?post_type=product&#038;p=4609"},"modified":"2025-11-18T20:46:58","modified_gmt":"2025-11-18T19:46:58","slug":"h-330","status":"publish","type":"product","link":"https:\/\/www.baazar.se\/sv\/produkt\/h-330\/","title":{"rendered":"H-330"},"content":{"rendered":"","protected":false},"excerpt":{"rendered":"<p>Vacker f\u00e5gelbur i bambu. Nytillverkad fr\u00e5n provinsen Zhejiang i Kina. Burarna skiljer sig \u00e5t i detaljer och utsmyckning.\u00a0Dimensioner:\u00a0<span class=\"product_dimensions\">49 cm<\/span><\/p>\n","protected":false},"featured_media":4635,"template":"","meta":[],"product_brand":[],"product_cat":[141],"product_tag":[326],"class_list":{"0":"post-4609","1":"product","2":"type-product","3":"status-publish","4":"has-post-thumbnail","6":"product_cat-fagelburar-skrin-korgar-lyktor-och-mattor","7":"product_tag-fagelbur","8":"product_shipping_class-hemleverans-99kr","9":"tm-has-options","11":"first","12":"instock","13":"sale","14":"featured","15":"taxable","16":"shipping-taxable","17":"purchasable","18":"product-type-simple"},"_links":{"self":[{"href":"https:\/\/www.baazar.se\/sv\/wp-json\/wp\/v2\/product\/4609","targetHints":{"allow":["GET"]}}],"collection":[{"href":"https:\/\/www.baazar.se\/sv\/wp-json\/wp\/v2\/product"}],"about":[{"href":"https:\/\/www.baazar.se\/sv\/wp-json\/wp\/v2\/types\/product"}],"wp:featuredmedia":[{"embeddable":true,"href":"https:\/\/www.baazar.se\/sv\/wp-json\/wp\/v2\/media\/4635"}],"wp:attachment":[{"href":"https:\/\/www.baazar.se\/sv\/wp-json\/wp\/v2\/media?parent=4609"}],"wp:term":[{"taxonomy":"product_brand","embeddable":true,"href":"https:\/\/www.baazar.se\/sv\/wp-json\/wp\/v2\/product_brand?post=4609"},{"taxonomy":"product_cat","embeddable":true,"href":"https:\/\/www.baazar.se\/sv\/wp-json\/wp\/v2\/product_cat?post=4609"},{"taxonomy":"product_tag","embeddable":true,"href":"https:\/\/www.baazar.se\/sv\/wp-json\/wp\/v2\/product_tag?post=4609"}],"curies":[{"name":"wp","href":"https:\/\/api.w.org\/{rel}","templated":true}]}}