{"id":4685,"date":"2015-02-09T12:11:58","date_gmt":"2015-02-09T11:11:58","guid":{"rendered":"http:\/\/www.baazar.se\/sv\/?post_type=product&#038;p=4685"},"modified":"2023-04-04T15:45:41","modified_gmt":"2023-04-04T13:45:41","slug":"c-001","status":"publish","type":"product","link":"https:\/\/www.baazar.se\/sv\/produkt\/c-001\/","title":{"rendered":"C-001 Skottk\u00e4rra"},"content":{"rendered":"","protected":false},"excerpt":{"rendered":"<p><span class=\"product_dimensions\">En unik m\u00f6bel till ditt hem<br \/>\n<\/span><span class=\"product_dimensions\">Baazar tillverkar och renoverar m\u00f6bler varsamt f\u00f6r hand enligt tusen\u00e5riga traditioner. Alla m\u00f6bler tillverkas helt utav tr\u00e4. <a href=\"https:\/\/www.baazar.se\/sv\/baazars-mobelverkstad\/\">L\u00e4s mer om v\u00e5r produktion h\u00e4r\u2026<\/a><\/span><\/p>\n","protected":false},"featured_media":4785,"template":"","meta":[],"product_brand":[],"product_cat":[142],"product_tag":[],"class_list":{"0":"post-4685","1":"product","2":"type-product","3":"status-publish","4":"has-post-thumbnail","6":"product_cat-porslin-keramik-sten-och-tradgard","7":"product_shipping_class-hemleverans-18-21kg-900","8":"tm-has-options","10":"first","11":"instock","12":"sale","13":"taxable","14":"shipping-taxable","15":"purchasable","16":"product-type-simple"},"_links":{"self":[{"href":"https:\/\/www.baazar.se\/sv\/wp-json\/wp\/v2\/product\/4685","targetHints":{"allow":["GET"]}}],"collection":[{"href":"https:\/\/www.baazar.se\/sv\/wp-json\/wp\/v2\/product"}],"about":[{"href":"https:\/\/www.baazar.se\/sv\/wp-json\/wp\/v2\/types\/product"}],"wp:featuredmedia":[{"embeddable":true,"href":"https:\/\/www.baazar.se\/sv\/wp-json\/wp\/v2\/media\/4785"}],"wp:attachment":[{"href":"https:\/\/www.baazar.se\/sv\/wp-json\/wp\/v2\/media?parent=4685"}],"wp:term":[{"taxonomy":"product_brand","embeddable":true,"href":"https:\/\/www.baazar.se\/sv\/wp-json\/wp\/v2\/product_brand?post=4685"},{"taxonomy":"product_cat","embeddable":true,"href":"https:\/\/www.baazar.se\/sv\/wp-json\/wp\/v2\/product_cat?post=4685"},{"taxonomy":"product_tag","embeddable":true,"href":"https:\/\/www.baazar.se\/sv\/wp-json\/wp\/v2\/product_tag?post=4685"}],"curies":[{"name":"wp","href":"https:\/\/api.w.org\/{rel}","templated":true}]}}