{"id":4711,"date":"2022-07-07T04:25:35","date_gmt":"2022-07-07T02:25:35","guid":{"rendered":"http:\/\/www.baazar.se\/sv\/?post_type=product&#038;p=4711"},"modified":"2023-04-05T13:38:20","modified_gmt":"2023-04-05T11:38:20","slug":"g-102-svart","status":"publish","type":"product","link":"https:\/\/www.baazar.se\/sv\/produkt\/g-102-svart\/","title":{"rendered":"G-102 spegel svart"},"content":{"rendered":"","protected":false},"excerpt":{"rendered":"<p>Vacker stor spegel med svart ram. Storlek 9 cm tjock, 80 cm bred, 188 cm h\u00f6g.<\/p>\n<p><span class=\"product_dimensions\">En unik m\u00f6bel till ditt hem<br \/>\nBaazar tillverkar och renoverar m\u00f6bler varsamt f\u00f6r hand enligt tusen\u00e5riga traditioner. Alla m\u00f6bler tillverkas helt utav tr\u00e4. <a href=\"https:\/\/www.baazar.se\/sv\/baazars-mobelverkstad\/\">L\u00e4s mer om v\u00e5r produktion h\u00e4r\u2026<\/a><\/span><\/p>\n","protected":false},"featured_media":4769,"template":"","meta":[],"product_brand":[],"product_cat":[391],"product_tag":[204],"class_list":{"0":"post-4711","1":"product","2":"type-product","3":"status-publish","4":"has-post-thumbnail","6":"product_cat-speglar-och-sten","7":"product_tag-spegel","8":"product_shipping_class-hemleverans-18-21kg-900","9":"tm-has-options","11":"first","12":"instock","13":"sale","14":"featured","15":"taxable","16":"shipping-taxable","17":"purchasable","18":"product-type-simple"},"_links":{"self":[{"href":"https:\/\/www.baazar.se\/sv\/wp-json\/wp\/v2\/product\/4711","targetHints":{"allow":["GET"]}}],"collection":[{"href":"https:\/\/www.baazar.se\/sv\/wp-json\/wp\/v2\/product"}],"about":[{"href":"https:\/\/www.baazar.se\/sv\/wp-json\/wp\/v2\/types\/product"}],"wp:featuredmedia":[{"embeddable":true,"href":"https:\/\/www.baazar.se\/sv\/wp-json\/wp\/v2\/media\/4769"}],"wp:attachment":[{"href":"https:\/\/www.baazar.se\/sv\/wp-json\/wp\/v2\/media?parent=4711"}],"wp:term":[{"taxonomy":"product_brand","embeddable":true,"href":"https:\/\/www.baazar.se\/sv\/wp-json\/wp\/v2\/product_brand?post=4711"},{"taxonomy":"product_cat","embeddable":true,"href":"https:\/\/www.baazar.se\/sv\/wp-json\/wp\/v2\/product_cat?post=4711"},{"taxonomy":"product_tag","embeddable":true,"href":"https:\/\/www.baazar.se\/sv\/wp-json\/wp\/v2\/product_tag?post=4711"}],"curies":[{"name":"wp","href":"https:\/\/api.w.org\/{rel}","templated":true}]}}