{"id":49176,"date":"2022-04-30T15:16:44","date_gmt":"2022-04-30T13:16:44","guid":{"rendered":"https:\/\/www.baazar.se\/sv\/?post_type=product&#038;p=49176"},"modified":"2023-04-04T15:45:58","modified_gmt":"2023-04-04T13:45:58","slug":"bm-010","status":"publish","type":"product","link":"https:\/\/www.baazar.se\/sv\/produkt\/bm-010\/","title":{"rendered":"Orientalisk vintage-matta husseinabad BM-010"},"content":{"rendered":"","protected":false},"excerpt":{"rendered":"<p>Handv\u00e4vd orientalisk husseinabad-matta fr\u00e5n Persien. Fantastiskt hantverk som \u00e4r en investering f\u00f6r generationer. Detta \u00e4r en semi-antik matta som blir vackrare med \u00e5ren. Mattan b\u00e4r sp\u00e5r av sin historia och \u00e4r en helt handtillverkad produkt, vilket inneb\u00e4r att oj\u00e4mnheter, slitage och andra unika aspekter \u00e4r en del av denna unika produkt. Dimensioner: <span class=\"product_dimensions\">197 x 153 cm<\/span><\/p>\n","protected":false},"featured_media":49177,"template":"","meta":[],"product_brand":[],"product_cat":[141,372,414],"product_tag":[184],"class_list":{"0":"post-49176","1":"product","2":"type-product","3":"status-publish","4":"has-post-thumbnail","6":"product_cat-fagelburar-skrin-korgar-lyktor-och-mattor","7":"product_cat-fargstarkt","8":"product_cat-mattor","9":"product_tag-matta","10":"product_shipping_class-hemleverans-21-999kg-900","11":"tm-has-options","13":"first","14":"instock","15":"sale","16":"featured","17":"taxable","18":"shipping-taxable","19":"purchasable","20":"product-type-simple"},"_links":{"self":[{"href":"https:\/\/www.baazar.se\/sv\/wp-json\/wp\/v2\/product\/49176","targetHints":{"allow":["GET"]}}],"collection":[{"href":"https:\/\/www.baazar.se\/sv\/wp-json\/wp\/v2\/product"}],"about":[{"href":"https:\/\/www.baazar.se\/sv\/wp-json\/wp\/v2\/types\/product"}],"wp:featuredmedia":[{"embeddable":true,"href":"https:\/\/www.baazar.se\/sv\/wp-json\/wp\/v2\/media\/49177"}],"wp:attachment":[{"href":"https:\/\/www.baazar.se\/sv\/wp-json\/wp\/v2\/media?parent=49176"}],"wp:term":[{"taxonomy":"product_brand","embeddable":true,"href":"https:\/\/www.baazar.se\/sv\/wp-json\/wp\/v2\/product_brand?post=49176"},{"taxonomy":"product_cat","embeddable":true,"href":"https:\/\/www.baazar.se\/sv\/wp-json\/wp\/v2\/product_cat?post=49176"},{"taxonomy":"product_tag","embeddable":true,"href":"https:\/\/www.baazar.se\/sv\/wp-json\/wp\/v2\/product_tag?post=49176"}],"curies":[{"name":"wp","href":"https:\/\/api.w.org\/{rel}","templated":true}]}}