{"id":50077,"date":"2021-05-17T14:02:05","date_gmt":"2021-05-17T12:02:05","guid":{"rendered":"https:\/\/www.baazar.se\/sv\/?post_type=product&#038;p=50077"},"modified":"2023-04-04T15:45:43","modified_gmt":"2023-04-04T13:45:43","slug":"east-41","status":"publish","type":"product","link":"https:\/\/www.baazar.se\/sv\/produkt\/east-41\/","title":{"rendered":"East-41"},"content":{"rendered":"","protected":false},"excerpt":{"rendered":"<p>Tuff sittm\u00f6bel tillverkad av oljefat i metall. H\u00f6jd: 81 cm, Bredd: 74 cm, Djup: 67.<\/p>\n<p>Utst\u00e4llningsex. Ej bytesr\u00e4tt eller \u00f6ppet k\u00f6p. S\u00e4ljes i befintligt skick.<\/p>\n","protected":false},"featured_media":50078,"template":"","meta":[],"product_brand":[],"product_cat":[416,409,358,369,393,359],"product_tag":[415,305,133],"class_list":{"0":"post-50077","1":"product","2":"type-product","3":"status-publish","4":"has-post-thumbnail","6":"product_cat-east-inredning","7":"product_cat-east","8":"product_cat-hall","9":"product_cat-sitt-mobler","10":"product_cat-stolar","11":"product_cat-vardagsrum","12":"product_tag-east","13":"product_tag-sittmobel","14":"product_tag-sittmobler","15":"product_shipping_class-hemleverans-18-21kg-900","16":"tm-has-options","18":"first","19":"instock","20":"sale","21":"featured","22":"taxable","23":"shipping-taxable","24":"purchasable","25":"product-type-simple"},"_links":{"self":[{"href":"https:\/\/www.baazar.se\/sv\/wp-json\/wp\/v2\/product\/50077","targetHints":{"allow":["GET"]}}],"collection":[{"href":"https:\/\/www.baazar.se\/sv\/wp-json\/wp\/v2\/product"}],"about":[{"href":"https:\/\/www.baazar.se\/sv\/wp-json\/wp\/v2\/types\/product"}],"wp:featuredmedia":[{"embeddable":true,"href":"https:\/\/www.baazar.se\/sv\/wp-json\/wp\/v2\/media\/50078"}],"wp:attachment":[{"href":"https:\/\/www.baazar.se\/sv\/wp-json\/wp\/v2\/media?parent=50077"}],"wp:term":[{"taxonomy":"product_brand","embeddable":true,"href":"https:\/\/www.baazar.se\/sv\/wp-json\/wp\/v2\/product_brand?post=50077"},{"taxonomy":"product_cat","embeddable":true,"href":"https:\/\/www.baazar.se\/sv\/wp-json\/wp\/v2\/product_cat?post=50077"},{"taxonomy":"product_tag","embeddable":true,"href":"https:\/\/www.baazar.se\/sv\/wp-json\/wp\/v2\/product_tag?post=50077"}],"curies":[{"name":"wp","href":"https:\/\/api.w.org\/{rel}","templated":true}]}}