{"id":50082,"date":"2022-10-17T14:09:23","date_gmt":"2022-10-17T12:09:23","guid":{"rendered":"https:\/\/www.baazar.se\/sv\/?post_type=product&#038;p=50082"},"modified":"2026-03-27T11:54:38","modified_gmt":"2026-03-27T10:54:38","slug":"east-42","status":"publish","type":"product","link":"https:\/\/www.baazar.se\/sv\/produkt\/east-42\/","title":{"rendered":"East-42"},"content":{"rendered":"","protected":false},"excerpt":{"rendered":"<p>H\u00e4rlig stol tillverkad i \u00e5tervunnen pl\u00e5t. H\u00f6jd: 81.5 cm, Bredd: 39 cm, Djup: 40.<\/p>\n<p>&nbsp;<\/p>\n","protected":false},"featured_media":50083,"template":"","meta":[],"product_brand":[],"product_cat":[416,409,372,358,395,369,357,393,359],"product_tag":[415,305,133],"class_list":{"0":"post-50082","1":"product","2":"type-product","3":"status-publish","4":"has-post-thumbnail","6":"product_cat-east-inredning","7":"product_cat-east","8":"product_cat-fargstarkt","9":"product_cat-hall","10":"product_cat-hallmobler","11":"product_cat-sitt-mobler","12":"product_cat-sovrum","13":"product_cat-stolar","14":"product_cat-vardagsrum","15":"product_tag-east","16":"product_tag-sittmobel","17":"product_tag-sittmobler","18":"product_shipping_class-hemleverans-18-21kg-900","19":"tm-has-options","21":"first","22":"instock","23":"sale","24":"featured","25":"taxable","26":"shipping-taxable","27":"purchasable","28":"product-type-simple"},"_links":{"self":[{"href":"https:\/\/www.baazar.se\/sv\/wp-json\/wp\/v2\/product\/50082","targetHints":{"allow":["GET"]}}],"collection":[{"href":"https:\/\/www.baazar.se\/sv\/wp-json\/wp\/v2\/product"}],"about":[{"href":"https:\/\/www.baazar.se\/sv\/wp-json\/wp\/v2\/types\/product"}],"wp:featuredmedia":[{"embeddable":true,"href":"https:\/\/www.baazar.se\/sv\/wp-json\/wp\/v2\/media\/50083"}],"wp:attachment":[{"href":"https:\/\/www.baazar.se\/sv\/wp-json\/wp\/v2\/media?parent=50082"}],"wp:term":[{"taxonomy":"product_brand","embeddable":true,"href":"https:\/\/www.baazar.se\/sv\/wp-json\/wp\/v2\/product_brand?post=50082"},{"taxonomy":"product_cat","embeddable":true,"href":"https:\/\/www.baazar.se\/sv\/wp-json\/wp\/v2\/product_cat?post=50082"},{"taxonomy":"product_tag","embeddable":true,"href":"https:\/\/www.baazar.se\/sv\/wp-json\/wp\/v2\/product_tag?post=50082"}],"curies":[{"name":"wp","href":"https:\/\/api.w.org\/{rel}","templated":true}]}}