{"id":50085,"date":"2022-11-17T14:18:00","date_gmt":"2022-11-17T13:18:00","guid":{"rendered":"https:\/\/www.baazar.se\/sv\/?post_type=product&#038;p=50085"},"modified":"2023-04-04T15:45:44","modified_gmt":"2023-04-04T13:45:44","slug":"east-43","status":"publish","type":"product","link":"https:\/\/www.baazar.se\/sv\/produkt\/east-43\/","title":{"rendered":"East-43"},"content":{"rendered":"","protected":false},"excerpt":{"rendered":"<p>Vacker vintage skottk\u00e4rra i tr\u00e4. H\u00f6jd: 81 cm, Bredd: 62 cm, Djup: 168.<\/p>\n<p>Utst\u00e4llningsex. Ej bytesr\u00e4tt eller \u00f6ppet k\u00f6p. S\u00e4ljes i befintligt skick.<\/p>\n","protected":false},"featured_media":50086,"template":"","meta":[],"product_brand":[],"product_cat":[136,416,409,142],"product_tag":[415,330],"class_list":{"0":"post-50085","1":"product","2":"type-product","3":"status-publish","4":"has-post-thumbnail","6":"product_cat-baazars-favoriter","7":"product_cat-east-inredning","8":"product_cat-east","9":"product_cat-porslin-keramik-sten-och-tradgard","10":"product_tag-east","11":"product_tag-tradgard","12":"product_shipping_class-hemleverans-21-999kg-900","13":"tm-has-options","15":"first","16":"instock","17":"sale","18":"featured","19":"taxable","20":"shipping-taxable","21":"purchasable","22":"product-type-simple"},"_links":{"self":[{"href":"https:\/\/www.baazar.se\/sv\/wp-json\/wp\/v2\/product\/50085","targetHints":{"allow":["GET"]}}],"collection":[{"href":"https:\/\/www.baazar.se\/sv\/wp-json\/wp\/v2\/product"}],"about":[{"href":"https:\/\/www.baazar.se\/sv\/wp-json\/wp\/v2\/types\/product"}],"wp:featuredmedia":[{"embeddable":true,"href":"https:\/\/www.baazar.se\/sv\/wp-json\/wp\/v2\/media\/50086"}],"wp:attachment":[{"href":"https:\/\/www.baazar.se\/sv\/wp-json\/wp\/v2\/media?parent=50085"}],"wp:term":[{"taxonomy":"product_brand","embeddable":true,"href":"https:\/\/www.baazar.se\/sv\/wp-json\/wp\/v2\/product_brand?post=50085"},{"taxonomy":"product_cat","embeddable":true,"href":"https:\/\/www.baazar.se\/sv\/wp-json\/wp\/v2\/product_cat?post=50085"},{"taxonomy":"product_tag","embeddable":true,"href":"https:\/\/www.baazar.se\/sv\/wp-json\/wp\/v2\/product_tag?post=50085"}],"curies":[{"name":"wp","href":"https:\/\/api.w.org\/{rel}","templated":true}]}}