{"id":50091,"date":"2025-11-22T14:44:07","date_gmt":"2025-11-22T13:44:07","guid":{"rendered":"https:\/\/www.baazar.se\/sv\/?post_type=product&#038;p=50091"},"modified":"2026-03-26T14:08:42","modified_gmt":"2026-03-26T13:08:42","slug":"east-44","status":"publish","type":"product","link":"https:\/\/www.baazar.se\/sv\/produkt\/east-44\/","title":{"rendered":"East-44 Teaterb\u00e4nk"},"content":{"rendered":"<p>Varsamt renoverad teaterb\u00e4nk. Perfekt i hallen att sitta p\u00e5 och ta p\u00e5 sig skorna eller som en tuff k\u00f6kssoffa. Passar p\u00e5 m\u00e5nga st\u00e4llen och ger en sk\u00f6n k\u00e4nsla av teater, v\u00e4ntrum och en svunnen tid.<\/p>\n","protected":false},"excerpt":{"rendered":"<p>Varsamt renoverad teaterb\u00e4nk fr\u00e5n b\u00f6rjan av 1900-talet. Perfekt i hallen att sitta p\u00e5 och ta p\u00e5 sig skorna eller som en tuff k\u00f6kssoffa. Passar p\u00e5 m\u00e5nga st\u00e4llen och ger en sk\u00f6n k\u00e4nsla av teater, v\u00e4ntrum och en svunnen tid. Slitage, repor och m\u00e4rken\/enstaka st\u00f6tskador kan f\u00f6rekomma, detta ger karakt\u00e4r \u00e5t denna unika m\u00f6bel vilka alla skiljer sig \u00e5t n\u00e5got d\u00e5 det \u00e4r en gammal m\u00f6bel. H\u00f6jd: 90 cm, Bredd: 105 cm, Djup: 55.<\/p>\n","protected":false},"featured_media":53119,"template":"","meta":[],"product_brand":[],"product_cat":[409,358,395,369,357,393,359],"product_tag":[415,305,133],"class_list":{"0":"post-50091","1":"product","2":"type-product","3":"status-publish","4":"has-post-thumbnail","6":"product_cat-east","7":"product_cat-hall","8":"product_cat-hallmobler","9":"product_cat-sitt-mobler","10":"product_cat-sovrum","11":"product_cat-stolar","12":"product_cat-vardagsrum","13":"product_tag-east","14":"product_tag-sittmobel","15":"product_tag-sittmobler","16":"product_shipping_class-hemleverans-18-21kg-900","17":"tm-has-options","19":"first","20":"instock","21":"sale","22":"featured","23":"taxable","24":"shipping-taxable","25":"purchasable","26":"product-type-simple"},"_links":{"self":[{"href":"https:\/\/www.baazar.se\/sv\/wp-json\/wp\/v2\/product\/50091","targetHints":{"allow":["GET"]}}],"collection":[{"href":"https:\/\/www.baazar.se\/sv\/wp-json\/wp\/v2\/product"}],"about":[{"href":"https:\/\/www.baazar.se\/sv\/wp-json\/wp\/v2\/types\/product"}],"wp:featuredmedia":[{"embeddable":true,"href":"https:\/\/www.baazar.se\/sv\/wp-json\/wp\/v2\/media\/53119"}],"wp:attachment":[{"href":"https:\/\/www.baazar.se\/sv\/wp-json\/wp\/v2\/media?parent=50091"}],"wp:term":[{"taxonomy":"product_brand","embeddable":true,"href":"https:\/\/www.baazar.se\/sv\/wp-json\/wp\/v2\/product_brand?post=50091"},{"taxonomy":"product_cat","embeddable":true,"href":"https:\/\/www.baazar.se\/sv\/wp-json\/wp\/v2\/product_cat?post=50091"},{"taxonomy":"product_tag","embeddable":true,"href":"https:\/\/www.baazar.se\/sv\/wp-json\/wp\/v2\/product_tag?post=50091"}],"curies":[{"name":"wp","href":"https:\/\/api.w.org\/{rel}","templated":true}]}}