{"id":50097,"date":"2021-02-17T16:05:45","date_gmt":"2021-02-17T15:05:45","guid":{"rendered":"https:\/\/www.baazar.se\/sv\/?post_type=product&#038;p=50097"},"modified":"2023-04-04T15:45:44","modified_gmt":"2023-04-04T13:45:44","slug":"east-45","status":"publish","type":"product","link":"https:\/\/www.baazar.se\/sv\/produkt\/east-45\/","title":{"rendered":"East-45"},"content":{"rendered":"","protected":false},"excerpt":{"rendered":"<p>H\u00e4rlig sittpall i pl\u00e5t och tr\u00e4. H\u00f6jd: 46.5 cm, Bredd: 38.<\/p>\n<p>Utst\u00e4llningsex. Ej bytesr\u00e4tt eller \u00f6ppet k\u00f6p. S\u00e4ljes i befintligt skick.<\/p>\n","protected":false},"featured_media":50098,"template":"","meta":[],"product_brand":[],"product_cat":[360,416,409,372,358,395,369,357,393,359],"product_tag":[305,133],"class_list":{"0":"post-50097","1":"product","2":"type-product","3":"status-publish","4":"has-post-thumbnail","6":"product_cat-badrum","7":"product_cat-east-inredning","8":"product_cat-east","9":"product_cat-fargstarkt","10":"product_cat-hall","11":"product_cat-hallmobler","12":"product_cat-sitt-mobler","13":"product_cat-sovrum","14":"product_cat-stolar","15":"product_cat-vardagsrum","16":"product_tag-sittmobel","17":"product_tag-sittmobler","18":"product_shipping_class-hemleverans-18-21kg-900","19":"tm-has-options","21":"first","22":"instock","23":"sale","24":"featured","25":"taxable","26":"shipping-taxable","27":"purchasable","28":"product-type-simple"},"_links":{"self":[{"href":"https:\/\/www.baazar.se\/sv\/wp-json\/wp\/v2\/product\/50097","targetHints":{"allow":["GET"]}}],"collection":[{"href":"https:\/\/www.baazar.se\/sv\/wp-json\/wp\/v2\/product"}],"about":[{"href":"https:\/\/www.baazar.se\/sv\/wp-json\/wp\/v2\/types\/product"}],"wp:featuredmedia":[{"embeddable":true,"href":"https:\/\/www.baazar.se\/sv\/wp-json\/wp\/v2\/media\/50098"}],"wp:attachment":[{"href":"https:\/\/www.baazar.se\/sv\/wp-json\/wp\/v2\/media?parent=50097"}],"wp:term":[{"taxonomy":"product_brand","embeddable":true,"href":"https:\/\/www.baazar.se\/sv\/wp-json\/wp\/v2\/product_brand?post=50097"},{"taxonomy":"product_cat","embeddable":true,"href":"https:\/\/www.baazar.se\/sv\/wp-json\/wp\/v2\/product_cat?post=50097"},{"taxonomy":"product_tag","embeddable":true,"href":"https:\/\/www.baazar.se\/sv\/wp-json\/wp\/v2\/product_tag?post=50097"}],"curies":[{"name":"wp","href":"https:\/\/api.w.org\/{rel}","templated":true}]}}