{"id":50100,"date":"2021-09-17T16:13:36","date_gmt":"2021-09-17T14:13:36","guid":{"rendered":"https:\/\/www.baazar.se\/sv\/?post_type=product&#038;p=50100"},"modified":"2023-04-04T15:45:44","modified_gmt":"2023-04-04T13:45:44","slug":"east-46","status":"publish","type":"product","link":"https:\/\/www.baazar.se\/sv\/produkt\/east-46\/","title":{"rendered":"East-46"},"content":{"rendered":"","protected":false},"excerpt":{"rendered":"<p>H\u00e4rlig pall i pl\u00e5t med vintage-patina. H\u00f6jd: 62..5 cm, Bredd: 30 cm.<\/p>\n<p>Utst\u00e4llningsex. Ej bytesr\u00e4tt eller \u00f6ppet k\u00f6p. S\u00e4ljes i befintligt skick.<\/p>\n","protected":false},"featured_media":50101,"template":"","meta":[],"product_brand":[],"product_cat":[416,409,358,395,357,393,359],"product_tag":[192,305,133],"class_list":{"0":"post-50100","1":"product","2":"type-product","3":"status-publish","4":"has-post-thumbnail","6":"product_cat-east-inredning","7":"product_cat-east","8":"product_cat-hall","9":"product_cat-hallmobler","10":"product_cat-sovrum","11":"product_cat-stolar","12":"product_cat-vardagsrum","13":"product_tag-pall","14":"product_tag-sittmobel","15":"product_tag-sittmobler","16":"tm-has-options","18":"first","19":"instock","20":"sale","21":"featured","22":"taxable","23":"shipping-taxable","24":"purchasable","25":"product-type-simple"},"_links":{"self":[{"href":"https:\/\/www.baazar.se\/sv\/wp-json\/wp\/v2\/product\/50100","targetHints":{"allow":["GET"]}}],"collection":[{"href":"https:\/\/www.baazar.se\/sv\/wp-json\/wp\/v2\/product"}],"about":[{"href":"https:\/\/www.baazar.se\/sv\/wp-json\/wp\/v2\/types\/product"}],"wp:featuredmedia":[{"embeddable":true,"href":"https:\/\/www.baazar.se\/sv\/wp-json\/wp\/v2\/media\/50101"}],"wp:attachment":[{"href":"https:\/\/www.baazar.se\/sv\/wp-json\/wp\/v2\/media?parent=50100"}],"wp:term":[{"taxonomy":"product_brand","embeddable":true,"href":"https:\/\/www.baazar.se\/sv\/wp-json\/wp\/v2\/product_brand?post=50100"},{"taxonomy":"product_cat","embeddable":true,"href":"https:\/\/www.baazar.se\/sv\/wp-json\/wp\/v2\/product_cat?post=50100"},{"taxonomy":"product_tag","embeddable":true,"href":"https:\/\/www.baazar.se\/sv\/wp-json\/wp\/v2\/product_tag?post=50100"}],"curies":[{"name":"wp","href":"https:\/\/api.w.org\/{rel}","templated":true}]}}