{"id":50221,"date":"2022-11-29T10:55:58","date_gmt":"2022-11-29T09:55:58","guid":{"rendered":"https:\/\/www.baazar.se\/sv\/?post_type=product&#038;p=50221"},"modified":"2025-03-28T22:40:30","modified_gmt":"2025-03-28T21:40:30","slug":"dc-012","status":"publish","type":"product","link":"https:\/\/www.baazar.se\/sv\/produkt\/dc-012\/","title":{"rendered":"St\u00e4mningsbelysning DC-012"},"content":{"rendered":"","protected":false},"excerpt":{"rendered":"<p>H\u00e4rlig lampa perfekt som st\u00e4mningsbelysning. Gjord i resin, ledlampa ing\u00e5r. H\u00f6jd: 6.9 cm, Bredd: 5.8 cm, L\u00e4ngd (med svans): 13.2 cm<\/p>\n","protected":false},"featured_media":50222,"template":"","meta":[],"product_brand":[],"product_cat":[406,142],"product_tag":[383,320],"class_list":{"0":"post-50221","1":"product","2":"type-product","3":"status-publish","4":"has-post-thumbnail","6":"product_cat-belysning","7":"product_cat-porslin-keramik-sten-och-tradgard","8":"product_tag-belysning","9":"product_tag-inredning","10":"product_shipping_class-hemleverans-4-6kg-99-kr","11":"tm-has-options","13":"first","14":"outofstock","15":"taxable","16":"shipping-taxable","17":"purchasable","18":"product-type-simple"},"_links":{"self":[{"href":"https:\/\/www.baazar.se\/sv\/wp-json\/wp\/v2\/product\/50221","targetHints":{"allow":["GET"]}}],"collection":[{"href":"https:\/\/www.baazar.se\/sv\/wp-json\/wp\/v2\/product"}],"about":[{"href":"https:\/\/www.baazar.se\/sv\/wp-json\/wp\/v2\/types\/product"}],"wp:featuredmedia":[{"embeddable":true,"href":"https:\/\/www.baazar.se\/sv\/wp-json\/wp\/v2\/media\/50222"}],"wp:attachment":[{"href":"https:\/\/www.baazar.se\/sv\/wp-json\/wp\/v2\/media?parent=50221"}],"wp:term":[{"taxonomy":"product_brand","embeddable":true,"href":"https:\/\/www.baazar.se\/sv\/wp-json\/wp\/v2\/product_brand?post=50221"},{"taxonomy":"product_cat","embeddable":true,"href":"https:\/\/www.baazar.se\/sv\/wp-json\/wp\/v2\/product_cat?post=50221"},{"taxonomy":"product_tag","embeddable":true,"href":"https:\/\/www.baazar.se\/sv\/wp-json\/wp\/v2\/product_tag?post=50221"}],"curies":[{"name":"wp","href":"https:\/\/api.w.org\/{rel}","templated":true}]}}