{"id":50232,"date":"2022-11-29T18:03:15","date_gmt":"2022-11-29T17:03:15","guid":{"rendered":"https:\/\/www.baazar.se\/sv\/?post_type=product&#038;p=50232"},"modified":"2024-05-17T16:29:05","modified_gmt":"2024-05-17T14:29:05","slug":"east-51","status":"publish","type":"product","link":"https:\/\/www.baazar.se\/sv\/produkt\/east-51\/","title":{"rendered":"East-51 Sittb\u00e4nk"},"content":{"rendered":"","protected":false},"excerpt":{"rendered":"<p>Vacker b\u00e4nk i tr\u00e4. H\u00f6jd: 45 cm, Bredd: 33 cm, L\u00e4ngd: 90 cm<\/p>\n","protected":false},"featured_media":50233,"template":"","meta":[],"product_brand":[],"product_cat":[416,358,395,369,357,393,359],"product_tag":[305],"class_list":{"0":"post-50232","1":"product","2":"type-product","3":"status-publish","4":"has-post-thumbnail","6":"product_cat-east-inredning","7":"product_cat-hall","8":"product_cat-hallmobler","9":"product_cat-sitt-mobler","10":"product_cat-sovrum","11":"product_cat-stolar","12":"product_cat-vardagsrum","13":"product_tag-sittmobel","14":"product_shipping_class-hemleverans-21-999kg-900","15":"tm-has-options","17":"first","18":"instock","19":"sale","20":"featured","21":"taxable","22":"shipping-taxable","23":"purchasable","24":"product-type-simple"},"_links":{"self":[{"href":"https:\/\/www.baazar.se\/sv\/wp-json\/wp\/v2\/product\/50232","targetHints":{"allow":["GET"]}}],"collection":[{"href":"https:\/\/www.baazar.se\/sv\/wp-json\/wp\/v2\/product"}],"about":[{"href":"https:\/\/www.baazar.se\/sv\/wp-json\/wp\/v2\/types\/product"}],"wp:featuredmedia":[{"embeddable":true,"href":"https:\/\/www.baazar.se\/sv\/wp-json\/wp\/v2\/media\/50233"}],"wp:attachment":[{"href":"https:\/\/www.baazar.se\/sv\/wp-json\/wp\/v2\/media?parent=50232"}],"wp:term":[{"taxonomy":"product_brand","embeddable":true,"href":"https:\/\/www.baazar.se\/sv\/wp-json\/wp\/v2\/product_brand?post=50232"},{"taxonomy":"product_cat","embeddable":true,"href":"https:\/\/www.baazar.se\/sv\/wp-json\/wp\/v2\/product_cat?post=50232"},{"taxonomy":"product_tag","embeddable":true,"href":"https:\/\/www.baazar.se\/sv\/wp-json\/wp\/v2\/product_tag?post=50232"}],"curies":[{"name":"wp","href":"https:\/\/api.w.org\/{rel}","templated":true}]}}