{"id":50325,"date":"2022-12-09T15:09:26","date_gmt":"2022-12-09T14:09:26","guid":{"rendered":"https:\/\/www.baazar.se\/sv\/?post_type=product&#038;p=50325"},"modified":"2026-03-26T15:58:52","modified_gmt":"2026-03-26T14:58:52","slug":"kbm-001-citruspress-gron","status":"publish","type":"product","link":"https:\/\/www.baazar.se\/sv\/produkt\/kbm-001-citruspress-gron\/","title":{"rendered":"KBM-001 Citruspress gr\u00f6n"},"content":{"rendered":"<p>Juicepress av gjuten aluminium. G\u00f6r l\u00e4ckra, h\u00e4lsosamma juicer eller sp\u00e4nnande cocktails med denna ikoniska juicepress som \u00e4ven \u00e4r en riktigt cool inredningsdetalj. Juicepressen levereras i presentf\u00f6rpackning som inneh\u00e5ller en skrift med \u00a0historia, recept, fakta och reng\u00f6ringsinstruktioner<\/p>\n","protected":false},"excerpt":{"rendered":"<p>Juicepress av gjuten aluminium. G\u00f6r l\u00e4ckra, h\u00e4lsosamma juicer eller sp\u00e4nnande cocktails med denna ikoniska juicepress som \u00e4ven \u00e4r en riktigt cool inredningsdetalj. Juicepressen levereras i presentf\u00f6rpackning som inneh\u00e5ller en skrift med \u00a0historia, recept, fakta och reng\u00f6ringsinstruktioner<\/p>\n","protected":false},"featured_media":50773,"template":"","meta":[],"product_brand":[],"product_cat":[418],"product_tag":[],"class_list":{"0":"post-50325","1":"product","2":"type-product","3":"status-publish","4":"has-post-thumbnail","6":"product_cat-kitchenbymike","7":"product_shipping_class-hemleverans-7-9kg-199kr","8":"tm-has-options","10":"first","11":"instock","12":"sale","13":"featured","14":"taxable","15":"shipping-taxable","16":"purchasable","17":"product-type-simple"},"_links":{"self":[{"href":"https:\/\/www.baazar.se\/sv\/wp-json\/wp\/v2\/product\/50325","targetHints":{"allow":["GET"]}}],"collection":[{"href":"https:\/\/www.baazar.se\/sv\/wp-json\/wp\/v2\/product"}],"about":[{"href":"https:\/\/www.baazar.se\/sv\/wp-json\/wp\/v2\/types\/product"}],"wp:featuredmedia":[{"embeddable":true,"href":"https:\/\/www.baazar.se\/sv\/wp-json\/wp\/v2\/media\/50773"}],"wp:attachment":[{"href":"https:\/\/www.baazar.se\/sv\/wp-json\/wp\/v2\/media?parent=50325"}],"wp:term":[{"taxonomy":"product_brand","embeddable":true,"href":"https:\/\/www.baazar.se\/sv\/wp-json\/wp\/v2\/product_brand?post=50325"},{"taxonomy":"product_cat","embeddable":true,"href":"https:\/\/www.baazar.se\/sv\/wp-json\/wp\/v2\/product_cat?post=50325"},{"taxonomy":"product_tag","embeddable":true,"href":"https:\/\/www.baazar.se\/sv\/wp-json\/wp\/v2\/product_tag?post=50325"}],"curies":[{"name":"wp","href":"https:\/\/api.w.org\/{rel}","templated":true}]}}