{"id":50350,"date":"2022-12-09T16:02:11","date_gmt":"2022-12-09T15:02:11","guid":{"rendered":"https:\/\/www.baazar.se\/sv\/?post_type=product&#038;p=50350"},"modified":"2024-05-17T16:28:05","modified_gmt":"2024-05-17T14:28:05","slug":"kbm-003-tradgards-och-kokssekator","status":"publish","type":"product","link":"https:\/\/www.baazar.se\/sv\/produkt\/kbm-003-tradgards-och-kokssekator\/","title":{"rendered":"KBM-003 Sekat\u00f6r"},"content":{"rendered":"<p>Sekat\u00f6r, tr\u00e4dg\u00e5rds- och k\u00f6kssekat\u00f6r<br \/>\nSkapad av skickliga smeder i samma tradition som man smitt sv\u00e4rd i byarna i Thailand. Supervass sekat\u00f6r som fungerar lika bra i tr\u00e4dg\u00e5rden som i k\u00f6ket. Blad av rostfritt st\u00e5l och tr\u00e4handtag. F\u00f6rpackade i ett tygfodral med dragsko. Tr\u00e4dg\u00e5rdsm\u00e4starens och kockens favorit. Den enda sekat\u00f6r du beh\u00f6ver resen av ditt liv.<\/p>\n<p>M\u00e5tt: 23 cm x 5 cm x 2,5 cm<\/p>\n<p>&nbsp;<\/p>\n","protected":false},"excerpt":{"rendered":"<p>Sekat\u00f6r, tr\u00e4dg\u00e5rds- och k\u00f6kssekat\u00f6r Skapad av skickliga smeder i samma tradition som man smitt sv\u00e4rd i byarna i Thailand. Supervass sekat\u00f6r som fungerar lika bra i tr\u00e4dg\u00e5rden som i k\u00f6ket. Blad av rostfritt st\u00e5l och tr\u00e4handtag. F\u00f6rpackade i ett tygfodral med dragsko. Tr\u00e4dg\u00e5rdsm\u00e4starens och kockens favorit. Den enda sekat\u00f6r du beh\u00f6ver resen av ditt liv.<\/p>\n","protected":false},"featured_media":50779,"template":"","meta":[],"product_brand":[],"product_cat":[418],"product_tag":[],"class_list":{"0":"post-50350","1":"product","2":"type-product","3":"status-publish","4":"has-post-thumbnail","6":"product_cat-kitchenbymike","7":"product_shipping_class-hemleverans-99kr","8":"tm-has-options","10":"first","11":"instock","12":"sale","13":"taxable","14":"shipping-taxable","15":"purchasable","16":"product-type-simple"},"_links":{"self":[{"href":"https:\/\/www.baazar.se\/sv\/wp-json\/wp\/v2\/product\/50350","targetHints":{"allow":["GET"]}}],"collection":[{"href":"https:\/\/www.baazar.se\/sv\/wp-json\/wp\/v2\/product"}],"about":[{"href":"https:\/\/www.baazar.se\/sv\/wp-json\/wp\/v2\/types\/product"}],"wp:featuredmedia":[{"embeddable":true,"href":"https:\/\/www.baazar.se\/sv\/wp-json\/wp\/v2\/media\/50779"}],"wp:attachment":[{"href":"https:\/\/www.baazar.se\/sv\/wp-json\/wp\/v2\/media?parent=50350"}],"wp:term":[{"taxonomy":"product_brand","embeddable":true,"href":"https:\/\/www.baazar.se\/sv\/wp-json\/wp\/v2\/product_brand?post=50350"},{"taxonomy":"product_cat","embeddable":true,"href":"https:\/\/www.baazar.se\/sv\/wp-json\/wp\/v2\/product_cat?post=50350"},{"taxonomy":"product_tag","embeddable":true,"href":"https:\/\/www.baazar.se\/sv\/wp-json\/wp\/v2\/product_tag?post=50350"}],"curies":[{"name":"wp","href":"https:\/\/api.w.org\/{rel}","templated":true}]}}