{"id":50760,"date":"2023-01-25T11:24:11","date_gmt":"2023-01-25T10:24:11","guid":{"rendered":"https:\/\/www.baazar.se\/sv\/?post_type=product&#038;p=50760"},"modified":"2023-08-03T14:58:27","modified_gmt":"2023-08-03T12:58:27","slug":"east-54-marockanskt-fat","status":"publish","type":"product","link":"https:\/\/www.baazar.se\/sv\/produkt\/east-54-marockanskt-fat\/","title":{"rendered":"East-54 Marockanskt fat"},"content":{"rendered":"<p>Safi \u00e4r en hamnstad p\u00e5 Marockos karga Atlantkust. Hit kommer f\u00e5 turister\u00a0 men keramik\u00e4lskare vallf\u00e4rdar hit f\u00f6r att se den fantastiska keramik som Safi-hantverkare har gjort i \u00e5rhundraden. Dessa fat, med sina fantastiska geometriska arabesker, \u00e4r ett exempel p\u00e5 deras skicklighet. Leran utvinns fr\u00e5n marken runt Safi och omvandlas sedan till vackra fat som kapas helt f\u00f6r hand som man gjort i \u00e5rtusenden i Safi. ur\u00e5ldriga produktionsmetoder.<\/p>\n<p>Alla fat tillverkas f\u00f6r hand och skiljer sig \u00e5t i storlek och dekoration. Det \u00e4r charmen men handtillverkad keramik fr\u00e5n Safi.<\/p>\n<p>Ca m\u00e5tt: 36 cm i diameter och 5,5 cm h\u00f6g.<\/p>\n<p>&nbsp;<\/p>\n","protected":false},"excerpt":{"rendered":"<p>Safi \u00e4r en hamnstad p\u00e5 Marockos karga Atlantkust. Hit kommer f\u00e5 turister\u00a0 men keramik\u00e4lskare vallf\u00e4rdar hit f\u00f6r att se den fantastiska keramik som Safi-hantverkare har gjort i \u00e5rhundraden. Dessa fat, med sina fantastiska geometriska arabesker, \u00e4r ett exempel p\u00e5 deras skicklighet. Leran utvinns fr\u00e5n marken runt Safi och omvandlas sedan till vackra fat som kapas<\/p>\n","protected":false},"featured_media":50761,"template":"","meta":[],"product_brand":[],"product_cat":[416,409,418,142],"product_tag":[],"class_list":{"0":"post-50760","1":"product","2":"type-product","3":"status-publish","4":"has-post-thumbnail","6":"product_cat-east-inredning","7":"product_cat-east","8":"product_cat-kitchenbymike","9":"product_cat-porslin-keramik-sten-och-tradgard","10":"product_shipping_class-hemleverans-7-9kg-199kr","11":"tm-has-options","13":"first","14":"instock","15":"sale","16":"featured","17":"taxable","18":"shipping-taxable","19":"purchasable","20":"product-type-simple"},"_links":{"self":[{"href":"https:\/\/www.baazar.se\/sv\/wp-json\/wp\/v2\/product\/50760","targetHints":{"allow":["GET"]}}],"collection":[{"href":"https:\/\/www.baazar.se\/sv\/wp-json\/wp\/v2\/product"}],"about":[{"href":"https:\/\/www.baazar.se\/sv\/wp-json\/wp\/v2\/types\/product"}],"wp:featuredmedia":[{"embeddable":true,"href":"https:\/\/www.baazar.se\/sv\/wp-json\/wp\/v2\/media\/50761"}],"wp:attachment":[{"href":"https:\/\/www.baazar.se\/sv\/wp-json\/wp\/v2\/media?parent=50760"}],"wp:term":[{"taxonomy":"product_brand","embeddable":true,"href":"https:\/\/www.baazar.se\/sv\/wp-json\/wp\/v2\/product_brand?post=50760"},{"taxonomy":"product_cat","embeddable":true,"href":"https:\/\/www.baazar.se\/sv\/wp-json\/wp\/v2\/product_cat?post=50760"},{"taxonomy":"product_tag","embeddable":true,"href":"https:\/\/www.baazar.se\/sv\/wp-json\/wp\/v2\/product_tag?post=50760"}],"curies":[{"name":"wp","href":"https:\/\/api.w.org\/{rel}","templated":true}]}}