{"id":50767,"date":"2023-01-25T11:51:24","date_gmt":"2023-01-25T10:51:24","guid":{"rendered":"https:\/\/www.baazar.se\/sv\/?post_type=product&#038;p=50767"},"modified":"2026-03-20T16:14:23","modified_gmt":"2026-03-20T15:14:23","slug":"east-55-marockanskt-spegel","status":"publish","type":"product","link":"https:\/\/www.baazar.se\/sv\/produkt\/east-55-marockanskt-spegel\/","title":{"rendered":"East-55 Marockanskt spegel"},"content":{"rendered":"<p>Handgjord marockansk spegel. Dessa speglar har ramar av m\u00e4ssing och \u00e4r dekorerade f\u00f6r hand av av hantverkare i Marocko. Perfekt till din hall, sovrum eller badrum.<\/p>\n<p>Dessa speglar \u00e4r tillverkade f\u00f6r hand och kan ha sm\u00e5 brister\/skillnader\/oregelbundenheter som g\u00f6r varje spegel unik. Dessa sm\u00e5 skillnader i storlek och utformning \u00e4r en del av charmen med en handgjord produkt.<\/p>\n<p>Ca m\u00e5tt: 41 cm h\u00f6g och 27 cm bred.<\/p>\n<p>&nbsp;<\/p>\n","protected":false},"excerpt":{"rendered":"<p>Handgjord marockansk spegel. Dessa speglar har ramar av m\u00e4ssing och \u00e4r dekorerade f\u00f6r hand av av hantverkare i Marocko. Perfekt till din hall, sovrum eller badrum. Dessa speglar \u00e4r tillverkade f\u00f6r hand och kan ha sm\u00e5 brister\/skillnader\/oregelbundenheter som g\u00f6r varje spegel unik. Dessa sm\u00e5 skillnader i storlek och utformning \u00e4r en del av charmen med<\/p>\n","protected":false},"featured_media":50769,"template":"","meta":[],"product_brand":[],"product_cat":[409,416,391,143],"product_tag":[],"class_list":{"0":"post-50767","1":"product","2":"type-product","3":"status-publish","4":"has-post-thumbnail","6":"product_cat-east","7":"product_cat-east-inredning","8":"product_cat-speglar-och-sten","9":"product_cat-tavlor-speglar-posters-och-bocker","10":"product_shipping_class-hemleverans-7-9kg-199kr","11":"tm-has-options","13":"first","14":"instock","15":"sale","16":"taxable","17":"shipping-taxable","18":"purchasable","19":"product-type-simple"},"_links":{"self":[{"href":"https:\/\/www.baazar.se\/sv\/wp-json\/wp\/v2\/product\/50767","targetHints":{"allow":["GET"]}}],"collection":[{"href":"https:\/\/www.baazar.se\/sv\/wp-json\/wp\/v2\/product"}],"about":[{"href":"https:\/\/www.baazar.se\/sv\/wp-json\/wp\/v2\/types\/product"}],"wp:featuredmedia":[{"embeddable":true,"href":"https:\/\/www.baazar.se\/sv\/wp-json\/wp\/v2\/media\/50769"}],"wp:attachment":[{"href":"https:\/\/www.baazar.se\/sv\/wp-json\/wp\/v2\/media?parent=50767"}],"wp:term":[{"taxonomy":"product_brand","embeddable":true,"href":"https:\/\/www.baazar.se\/sv\/wp-json\/wp\/v2\/product_brand?post=50767"},{"taxonomy":"product_cat","embeddable":true,"href":"https:\/\/www.baazar.se\/sv\/wp-json\/wp\/v2\/product_cat?post=50767"},{"taxonomy":"product_tag","embeddable":true,"href":"https:\/\/www.baazar.se\/sv\/wp-json\/wp\/v2\/product_tag?post=50767"}],"curies":[{"name":"wp","href":"https:\/\/api.w.org\/{rel}","templated":true}]}}