{"id":51921,"date":"2023-07-26T15:35:25","date_gmt":"2023-07-26T13:35:25","guid":{"rendered":"https:\/\/www.baazar.se\/sv\/?post_type=product&#038;p=51921"},"modified":"2026-03-27T11:56:27","modified_gmt":"2026-03-27T10:56:27","slug":"east-77-soffbord","status":"publish","type":"product","link":"https:\/\/www.baazar.se\/sv\/produkt\/east-77-soffbord\/","title":{"rendered":"EAST-77 soffbord"},"content":{"rendered":"","protected":false},"excerpt":{"rendered":"<p>Fint soffbord av en gammal stationsvagn med metallram och hjul. Mycket tuff och charmig, den h\u00f6jer hela milj\u00f6n i ditt hem. Dimensioner: 93 cm bred, 72 cm djup och <span class=\"product_dimensions\">28 cm h\u00f6g.<\/span><\/p>\n<p>En unik m\u00f6bel till ditt hem<br \/>\nBaazar tillverkar och renoverar m\u00f6bler varsamt f\u00f6r hand enligt tusen\u00e5riga traditioner. Alla m\u00f6bler tillverkas helt utav tr\u00e4. <a href=\"https:\/\/www.baazar.se\/sv\/baazars-mobelverkstad\/\">L\u00e4s mer om v\u00e5r produktion h\u00e4r\u2026<\/a><\/p>\n","protected":false},"featured_media":51927,"template":"","meta":[],"product_brand":[],"product_cat":[367,392,357,359],"product_tag":[115,375],"class_list":{"0":"post-51921","1":"product","2":"type-product","3":"status-publish","4":"has-post-thumbnail","6":"product_cat-bord","7":"product_cat-soffbord","8":"product_cat-sovrum","9":"product_cat-vardagsrum","10":"product_tag-bord","11":"product_tag-svart","12":"product_shipping_class-hemleverans-18-21kg-900","13":"tm-has-options","15":"first","16":"instock","17":"sale","18":"featured","19":"taxable","20":"shipping-taxable","21":"purchasable","22":"product-type-simple"},"_links":{"self":[{"href":"https:\/\/www.baazar.se\/sv\/wp-json\/wp\/v2\/product\/51921","targetHints":{"allow":["GET"]}}],"collection":[{"href":"https:\/\/www.baazar.se\/sv\/wp-json\/wp\/v2\/product"}],"about":[{"href":"https:\/\/www.baazar.se\/sv\/wp-json\/wp\/v2\/types\/product"}],"wp:featuredmedia":[{"embeddable":true,"href":"https:\/\/www.baazar.se\/sv\/wp-json\/wp\/v2\/media\/51927"}],"wp:attachment":[{"href":"https:\/\/www.baazar.se\/sv\/wp-json\/wp\/v2\/media?parent=51921"}],"wp:term":[{"taxonomy":"product_brand","embeddable":true,"href":"https:\/\/www.baazar.se\/sv\/wp-json\/wp\/v2\/product_brand?post=51921"},{"taxonomy":"product_cat","embeddable":true,"href":"https:\/\/www.baazar.se\/sv\/wp-json\/wp\/v2\/product_cat?post=51921"},{"taxonomy":"product_tag","embeddable":true,"href":"https:\/\/www.baazar.se\/sv\/wp-json\/wp\/v2\/product_tag?post=51921"}],"curies":[{"name":"wp","href":"https:\/\/api.w.org\/{rel}","templated":true}]}}