{"id":51994,"date":"2023-07-30T18:06:03","date_gmt":"2023-07-30T16:06:03","guid":{"rendered":"https:\/\/www.baazar.se\/sv\/?post_type=product&#038;p=51994"},"modified":"2024-05-17T16:06:09","modified_gmt":"2024-05-17T14:06:09","slug":"z-090-soffbord","status":"publish","type":"product","link":"https:\/\/www.baazar.se\/sv\/produkt\/z-090-soffbord\/","title":{"rendered":"Z-090 soffbord"},"content":{"rendered":"","protected":false},"excerpt":{"rendered":"<p>Vackert soffbord med en h\u00e4rlig patina.<\/p>\n<p>Dimensioner: Djup 50 cm, Bredd 100 cm,\u00a0H\u00f6jd 39 cm.<\/p>\n<p>En unik m\u00f6bel till ditt hem<br \/>\nBaazar tillverkar och renoverar m\u00f6bler varsamt f\u00f6r hand enligt tusen\u00e5riga traditioner. Alla m\u00f6bler tillverkas helt utav tr\u00e4. <a href=\"https:\/\/www.baazar.se\/sv\/baazars-mobelverkstad\/\">L\u00e4s mer om v\u00e5r produktion h\u00e4r&#8230;<\/a><\/p>\n","protected":false},"featured_media":51995,"template":"","meta":[],"product_brand":[],"product_cat":[136,367,356,392,359],"product_tag":[164,197,377],"class_list":{"0":"post-51994","1":"product","2":"type-product","3":"status-publish","4":"has-post-thumbnail","6":"product_cat-baazars-favoriter","7":"product_cat-bord","8":"product_cat-rum","9":"product_cat-soffbord","10":"product_cat-vardagsrum","11":"product_tag-soffbord","12":"product_tag-trafargad","13":"product_tag-vit","14":"product_shipping_class-hemleverans-18-21kg-900","15":"tm-has-options","17":"first","18":"instock","19":"sale","20":"featured","21":"taxable","22":"shipping-taxable","23":"purchasable","24":"product-type-simple"},"_links":{"self":[{"href":"https:\/\/www.baazar.se\/sv\/wp-json\/wp\/v2\/product\/51994","targetHints":{"allow":["GET"]}}],"collection":[{"href":"https:\/\/www.baazar.se\/sv\/wp-json\/wp\/v2\/product"}],"about":[{"href":"https:\/\/www.baazar.se\/sv\/wp-json\/wp\/v2\/types\/product"}],"wp:featuredmedia":[{"embeddable":true,"href":"https:\/\/www.baazar.se\/sv\/wp-json\/wp\/v2\/media\/51995"}],"wp:attachment":[{"href":"https:\/\/www.baazar.se\/sv\/wp-json\/wp\/v2\/media?parent=51994"}],"wp:term":[{"taxonomy":"product_brand","embeddable":true,"href":"https:\/\/www.baazar.se\/sv\/wp-json\/wp\/v2\/product_brand?post=51994"},{"taxonomy":"product_cat","embeddable":true,"href":"https:\/\/www.baazar.se\/sv\/wp-json\/wp\/v2\/product_cat?post=51994"},{"taxonomy":"product_tag","embeddable":true,"href":"https:\/\/www.baazar.se\/sv\/wp-json\/wp\/v2\/product_tag?post=51994"}],"curies":[{"name":"wp","href":"https:\/\/api.w.org\/{rel}","templated":true}]}}