{"id":52152,"date":"2023-08-15T13:04:39","date_gmt":"2023-08-15T11:04:39","guid":{"rendered":"https:\/\/www.baazar.se\/sv\/?post_type=product&#038;p=52152"},"modified":"2026-03-26T15:55:08","modified_gmt":"2026-03-26T14:55:08","slug":"a-65-antikt-brudskap-natur","status":"publish","type":"product","link":"https:\/\/www.baazar.se\/sv\/produkt\/a-65-antikt-brudskap-natur\/","title":{"rendered":"A-65 Antikt brudsk\u00e5p, natur"},"content":{"rendered":"","protected":false},"excerpt":{"rendered":"<p>Vackert sekelgammalt brudsk\u00e5p. Klassisk kinesisk m\u00f6bel som anv\u00e4nts som v\u00e5ra brudkistor. En bysnickare har tillverkat sk\u00e5pet \u00e5t en flicka inf\u00f6r hennes br\u00f6llop av tr\u00e4slag som finns lokalt vid den byn. Vi har k\u00f6pt sk\u00e5pet och renoverat det varsamt. En m\u00f6bel som sk\u00e4nker tidl\u00f6s sk\u00f6nhet \u00e5t alla milj\u00f6er. Dessa sk\u00e5p kan variera n\u00e5got i storlek och finish d\u00e5 varje exemplar \u00e4r unikt.\u00a0Dimensioner: <span class=\"product_dimensions\">65 x 105 x 180 cm.<\/span><\/p>\n<p>En unik m\u00f6bel till ditt hem<br \/>\nBaazar tillverkar och renoverar m\u00f6bler varsamt f\u00f6r hand enligt tusen\u00e5riga traditioner. Alla m\u00f6bler tillverkas helt utav tr\u00e4. <a href=\"https:\/\/www.baazar.se\/sv\/baazars-mobelverkstad\/\">L\u00e4s mer om v\u00e5r produktion h\u00e4r\u2026<\/a><\/p>\n","protected":false},"featured_media":52154,"template":"","meta":[],"product_brand":[],"product_cat":[136,360,58,358,138,107,357,389,359],"product_tag":[151,150,199,413,380],"class_list":{"0":"post-52152","1":"product","2":"type-product","3":"status-publish","4":"has-post-thumbnail","6":"product_cat-baazars-favoriter","7":"product_cat-badrum","8":"product_cat-brollopsskap-och-brudskap","9":"product_cat-hall","10":"product_cat-qing","11":"product_cat-skap","12":"product_cat-sovrum","13":"product_cat-stora_skap","14":"product_cat-vardagsrum","15":"product_tag-antikt","16":"product_tag-brudskap","17":"product_tag-gammalt","18":"product_tag-natur","19":"product_tag-skap","20":"product_shipping_class-hemleverans-18-21kg-900","21":"tm-has-options","23":"first","24":"onbackorder","25":"taxable","26":"shipping-taxable","27":"purchasable","28":"product-type-simple"},"_links":{"self":[{"href":"https:\/\/www.baazar.se\/sv\/wp-json\/wp\/v2\/product\/52152","targetHints":{"allow":["GET"]}}],"collection":[{"href":"https:\/\/www.baazar.se\/sv\/wp-json\/wp\/v2\/product"}],"about":[{"href":"https:\/\/www.baazar.se\/sv\/wp-json\/wp\/v2\/types\/product"}],"wp:featuredmedia":[{"embeddable":true,"href":"https:\/\/www.baazar.se\/sv\/wp-json\/wp\/v2\/media\/52154"}],"wp:attachment":[{"href":"https:\/\/www.baazar.se\/sv\/wp-json\/wp\/v2\/media?parent=52152"}],"wp:term":[{"taxonomy":"product_brand","embeddable":true,"href":"https:\/\/www.baazar.se\/sv\/wp-json\/wp\/v2\/product_brand?post=52152"},{"taxonomy":"product_cat","embeddable":true,"href":"https:\/\/www.baazar.se\/sv\/wp-json\/wp\/v2\/product_cat?post=52152"},{"taxonomy":"product_tag","embeddable":true,"href":"https:\/\/www.baazar.se\/sv\/wp-json\/wp\/v2\/product_tag?post=52152"}],"curies":[{"name":"wp","href":"https:\/\/api.w.org\/{rel}","templated":true}]}}