{"id":52156,"date":"2023-08-15T13:17:21","date_gmt":"2023-08-15T11:17:21","guid":{"rendered":"https:\/\/www.baazar.se\/sv\/?post_type=product&#038;p=52156"},"modified":"2025-02-03T15:29:58","modified_gmt":"2025-02-03T14:29:58","slug":"bf-074-ningboskap-natur","status":"publish","type":"product","link":"https:\/\/www.baazar.se\/sv\/produkt\/bf-074-ningboskap-natur\/","title":{"rendered":"BF-074 ningbosk\u00e5p natur"},"content":{"rendered":"","protected":false},"excerpt":{"rendered":"<p>Semiantikt ningbosk\u00e5p med sk\u00f6n patina. Charmigt och trendig m\u00f6bel som varierar n\u00e5got i storlek och utsmyckning, en levande m\u00f6bel som b\u00e4r sin \u00e5lder v\u00e4l. Storlek 76 cm brett, 48 cm djupt och 76 h\u00f6gt.<\/p>\n<p>En unik m\u00f6bel till ditt hem<br \/>\nBaazar tillverkar och renoverar m\u00f6bler varsamt f\u00f6r hand enligt tusen\u00e5riga traditioner. Alla m\u00f6bler tillverkas helt utav tr\u00e4. <a href=\"https:\/\/www.baazar.se\/sv\/baazars-mobelverkstad\/\">L\u00e4s mer om v\u00e5r produktion h\u00e4r&#8230;<\/a><\/p>\n","protected":false},"featured_media":52159,"template":"","meta":[],"product_brand":[],"product_cat":[136,130,395,137,370,138,368,140,107,108,134],"product_tag":[],"class_list":{"0":"post-52156","1":"product","2":"type-product","3":"status-publish","4":"has-post-thumbnail","6":"product_cat-baazars-favoriter","7":"product_cat-byra","8":"product_cat-hallmobler","9":"product_cat-kang","10":"product_cat-medium_skap","11":"product_cat-qing","12":"product_cat-side-board","13":"product_cat-skankar","14":"product_cat-skap","15":"product_cat-sma","16":"product_cat-tv-bankar","17":"product_shipping_class-hemleverans-18-21kg-900","18":"tm-has-options","20":"first","21":"instock","22":"sale","23":"featured","24":"taxable","25":"shipping-taxable","26":"purchasable","27":"product-type-simple"},"_links":{"self":[{"href":"https:\/\/www.baazar.se\/sv\/wp-json\/wp\/v2\/product\/52156","targetHints":{"allow":["GET"]}}],"collection":[{"href":"https:\/\/www.baazar.se\/sv\/wp-json\/wp\/v2\/product"}],"about":[{"href":"https:\/\/www.baazar.se\/sv\/wp-json\/wp\/v2\/types\/product"}],"wp:featuredmedia":[{"embeddable":true,"href":"https:\/\/www.baazar.se\/sv\/wp-json\/wp\/v2\/media\/52159"}],"wp:attachment":[{"href":"https:\/\/www.baazar.se\/sv\/wp-json\/wp\/v2\/media?parent=52156"}],"wp:term":[{"taxonomy":"product_brand","embeddable":true,"href":"https:\/\/www.baazar.se\/sv\/wp-json\/wp\/v2\/product_brand?post=52156"},{"taxonomy":"product_cat","embeddable":true,"href":"https:\/\/www.baazar.se\/sv\/wp-json\/wp\/v2\/product_cat?post=52156"},{"taxonomy":"product_tag","embeddable":true,"href":"https:\/\/www.baazar.se\/sv\/wp-json\/wp\/v2\/product_tag?post=52156"}],"curies":[{"name":"wp","href":"https:\/\/api.w.org\/{rel}","templated":true}]}}