{"id":52160,"date":"2023-08-15T13:21:48","date_gmt":"2023-08-15T11:21:48","guid":{"rendered":"https:\/\/www.baazar.se\/sv\/?post_type=product&#038;p=52160"},"modified":"2026-03-26T15:54:10","modified_gmt":"2026-03-26T14:54:10","slug":"bh-048-semiantikt-sideboard-skrivbord-natur","status":"publish","type":"product","link":"https:\/\/www.baazar.se\/sv\/produkt\/bh-048-semiantikt-sideboard-skrivbord-natur\/","title":{"rendered":"BH-048 semiantikt sideboard\/skrivbord natur"},"content":{"rendered":"<p>&nbsp;<\/p>\n<div class=\"video-shortcode\">\n<blockquote class=\"wp-embedded-content\" data-secret=\"xYmtNvHuLx\"><p><a href=\"https:\/\/www.baazar.se\/sv\/baazars-mobelverkstad\/\">Baazars m\u00f6belverkstad<\/a><\/p><\/blockquote>\n<p><iframe class=\"wp-embedded-content\" sandbox=\"allow-scripts\" security=\"restricted\" style=\"position: absolute; clip: rect(1px, 1px, 1px, 1px);\" src=\"https:\/\/www.baazar.se\/sv\/baazars-mobelverkstad\/embed\/#?secret=xYmtNvHuLx\" data-secret=\"xYmtNvHuLx\" width=\"600\" height=\"338\" title=\"&#8221;Baazars m\u00f6belverkstad&#8221; &#8212; Baazar\" frameborder=\"0\" marginwidth=\"0\" marginheight=\"0\" scrolling=\"no\"><\/iframe><\/div>\n<p>&nbsp;<\/p>\n","protected":false},"excerpt":{"rendered":"<p>Uts\u00f6kt vackert semiantikt sideboard\/skrivbord. Fantastisk m\u00f6bel med sju l\u00e5dor f\u00f6r f\u00f6rvaring. En gammal m\u00f6bel som renoverats varsamt efter ett liv i ett hem p\u00e5 landsbygden. D\u00e5 det \u00e4r gamla m\u00f6bler kan de skilja sig n\u00e5got \u00e5t i storlek och utsmyckning, din nya m\u00f6bel \u00e4r helt unik f\u00f6r dig. Storlek (ca): 127 cm bred, 46 cm djup och 88 cm h\u00f6g.En unik m\u00f6bel till ditt hem!<\/p>\n<p>Baazar tillverkar och renoverar m\u00f6bler varsamt f\u00f6r hand enligt tusen\u00e5riga traditioner. Alla m\u00f6bler tillverkas helt utav tr\u00e4. <a href=\"https:\/\/www.baazar.se\/sv\/baazars-mobelverkstad\/\">L\u00e4s mer om v\u00e5r produktion h\u00e4r\u2026<\/a><\/p>\n<p>&nbsp;<\/p>\n","protected":false},"featured_media":52162,"template":"","meta":[],"product_brand":[],"product_cat":[360,367,130,358,395,138,368,366,357,359],"product_tag":[],"class_list":{"0":"post-52160","1":"product","2":"type-product","3":"status-publish","4":"has-post-thumbnail","6":"product_cat-badrum","7":"product_cat-bord","8":"product_cat-byra","9":"product_cat-hall","10":"product_cat-hallmobler","11":"product_cat-qing","12":"product_cat-side-board","13":"product_cat-skrivbord","14":"product_cat-sovrum","15":"product_cat-vardagsrum","16":"product_shipping_class-hemleverans-18-21kg-900","17":"tm-has-options","19":"first","20":"instock","21":"taxable","22":"shipping-taxable","23":"purchasable","24":"product-type-simple"},"_links":{"self":[{"href":"https:\/\/www.baazar.se\/sv\/wp-json\/wp\/v2\/product\/52160","targetHints":{"allow":["GET"]}}],"collection":[{"href":"https:\/\/www.baazar.se\/sv\/wp-json\/wp\/v2\/product"}],"about":[{"href":"https:\/\/www.baazar.se\/sv\/wp-json\/wp\/v2\/types\/product"}],"wp:featuredmedia":[{"embeddable":true,"href":"https:\/\/www.baazar.se\/sv\/wp-json\/wp\/v2\/media\/52162"}],"wp:attachment":[{"href":"https:\/\/www.baazar.se\/sv\/wp-json\/wp\/v2\/media?parent=52160"}],"wp:term":[{"taxonomy":"product_brand","embeddable":true,"href":"https:\/\/www.baazar.se\/sv\/wp-json\/wp\/v2\/product_brand?post=52160"},{"taxonomy":"product_cat","embeddable":true,"href":"https:\/\/www.baazar.se\/sv\/wp-json\/wp\/v2\/product_cat?post=52160"},{"taxonomy":"product_tag","embeddable":true,"href":"https:\/\/www.baazar.se\/sv\/wp-json\/wp\/v2\/product_tag?post=52160"}],"curies":[{"name":"wp","href":"https:\/\/api.w.org\/{rel}","templated":true}]}}