{"id":52165,"date":"2023-08-15T13:31:47","date_gmt":"2023-08-15T11:31:47","guid":{"rendered":"https:\/\/www.baazar.se\/sv\/?post_type=product&#038;p=52165"},"modified":"2026-03-16T12:27:50","modified_gmt":"2026-03-16T11:27:50","slug":"o-064-kangbank-natur","status":"publish","type":"product","link":"https:\/\/www.baazar.se\/sv\/produkt\/o-064-kangbank-natur\/","title":{"rendered":"O-064 Kangb\u00e4nk natur"},"content":{"rendered":"<div class=\"video-shortcode\">\n<blockquote class=\"wp-embedded-content\" data-secret=\"qV7DssdgYx\"><p><a href=\"https:\/\/www.baazar.se\/sv\/baazars-mobelverkstad\/\">Baazars m\u00f6belverkstad<\/a><\/p><\/blockquote>\n<p><iframe class=\"wp-embedded-content\" sandbox=\"allow-scripts\" security=\"restricted\" style=\"position: absolute; clip: rect(1px, 1px, 1px, 1px);\" src=\"https:\/\/www.baazar.se\/sv\/baazars-mobelverkstad\/embed\/#?secret=qV7DssdgYx\" data-secret=\"qV7DssdgYx\" width=\"600\" height=\"338\" title=\"&#8221;Baazars m\u00f6belverkstad&#8221; &#8212; Baazar\" frameborder=\"0\" marginwidth=\"0\" marginheight=\"0\" scrolling=\"no\"><\/iframe><\/div>\n","protected":false},"excerpt":{"rendered":"<p>Unik kangm\u00f6bel med fantastisk patina. Gammal m\u00f6bel som renoverats varsamt, kan skilja n\u00e5got i storlek och utformning. Vacker mediam\u00f6bel, sittb\u00e4nk eller sideboard.\u00a0Dimensioner ca:\u00a0<span class=\"product_dimensions\">33 x 120 x 50 cm.<\/span><\/p>\n<p>En unik m\u00f6bel till ditt hem<br \/>\nBaazar tillverkar och renoverar m\u00f6bler varsamt f\u00f6r hand enligt tusen\u00e5riga traditioner. Alla m\u00f6bler tillverkas helt utav tr\u00e4. <a href=\"https:\/\/www.baazar.se\/sv\/baazars-mobelverkstad\/\">L\u00e4s mer om v\u00e5r produktion h\u00e4r\u2026<\/a><\/p>\n","protected":false},"featured_media":52166,"template":"","meta":[],"product_brand":[],"product_cat":[360,130,358,395,137,356,368,369,140,108,357,134,359],"product_tag":[149,413],"class_list":{"0":"post-52165","1":"product","2":"type-product","3":"status-publish","4":"has-post-thumbnail","6":"product_cat-badrum","7":"product_cat-byra","8":"product_cat-hall","9":"product_cat-hallmobler","10":"product_cat-kang","11":"product_cat-rum","12":"product_cat-side-board","13":"product_cat-sitt-mobler","14":"product_cat-skankar","15":"product_cat-sma","16":"product_cat-sovrum","17":"product_cat-tv-bankar","18":"product_cat-vardagsrum","19":"product_tag-kang","20":"product_tag-natur","21":"product_shipping_class-hemleverans-16-18kg-699","22":"tm-has-options","24":"first","25":"onbackorder","26":"taxable","27":"shipping-taxable","28":"purchasable","29":"product-type-simple"},"_links":{"self":[{"href":"https:\/\/www.baazar.se\/sv\/wp-json\/wp\/v2\/product\/52165","targetHints":{"allow":["GET"]}}],"collection":[{"href":"https:\/\/www.baazar.se\/sv\/wp-json\/wp\/v2\/product"}],"about":[{"href":"https:\/\/www.baazar.se\/sv\/wp-json\/wp\/v2\/types\/product"}],"wp:featuredmedia":[{"embeddable":true,"href":"https:\/\/www.baazar.se\/sv\/wp-json\/wp\/v2\/media\/52166"}],"wp:attachment":[{"href":"https:\/\/www.baazar.se\/sv\/wp-json\/wp\/v2\/media?parent=52165"}],"wp:term":[{"taxonomy":"product_brand","embeddable":true,"href":"https:\/\/www.baazar.se\/sv\/wp-json\/wp\/v2\/product_brand?post=52165"},{"taxonomy":"product_cat","embeddable":true,"href":"https:\/\/www.baazar.se\/sv\/wp-json\/wp\/v2\/product_cat?post=52165"},{"taxonomy":"product_tag","embeddable":true,"href":"https:\/\/www.baazar.se\/sv\/wp-json\/wp\/v2\/product_tag?post=52165"}],"curies":[{"name":"wp","href":"https:\/\/api.w.org\/{rel}","templated":true}]}}