{"id":52665,"date":"2023-10-20T10:57:15","date_gmt":"2023-10-20T08:57:15","guid":{"rendered":"https:\/\/www.baazar.se\/sv\/?post_type=product&#038;p=52665"},"modified":"2026-03-26T15:52:41","modified_gmt":"2026-03-26T14:52:41","slug":"z-094-stol","status":"publish","type":"product","link":"https:\/\/www.baazar.se\/sv\/produkt\/z-094-stol\/","title":{"rendered":"Z-094, stol"},"content":{"rendered":"","protected":false},"excerpt":{"rendered":"<p>Vacker stol. Fantastisk m\u00f6bel. Dimensioner: <span class=\"product_dimensions\">49 x 49 x 77<br \/>\n<\/span><\/p>\n<p>En unik m\u00f6bel till ditt hem<br \/>\nBaazar tillverkar och renoverar m\u00f6bler varsamt f\u00f6r hand enligt tusen\u00e5riga traditioner. Alla m\u00f6bler tillverkas helt utav tr\u00e4. <a href=\"https:\/\/www.baazar.se\/sv\/baazars-mobelverkstad\/\">L\u00e4s mer om v\u00e5r produktion h\u00e4r\u2026<\/a><\/p>\n","protected":false},"featured_media":52666,"template":"","meta":[],"product_brand":[],"product_cat":[369,393],"product_tag":[],"class_list":{"0":"post-52665","1":"product","2":"type-product","3":"status-publish","4":"has-post-thumbnail","6":"product_cat-sitt-mobler","7":"product_cat-stolar","8":"product_shipping_class-hemleverans-21-999kg-900","9":"tm-has-options","11":"first","12":"instock","13":"taxable","14":"shipping-taxable","15":"purchasable","16":"product-type-simple"},"_links":{"self":[{"href":"https:\/\/www.baazar.se\/sv\/wp-json\/wp\/v2\/product\/52665","targetHints":{"allow":["GET"]}}],"collection":[{"href":"https:\/\/www.baazar.se\/sv\/wp-json\/wp\/v2\/product"}],"about":[{"href":"https:\/\/www.baazar.se\/sv\/wp-json\/wp\/v2\/types\/product"}],"wp:featuredmedia":[{"embeddable":true,"href":"https:\/\/www.baazar.se\/sv\/wp-json\/wp\/v2\/media\/52666"}],"wp:attachment":[{"href":"https:\/\/www.baazar.se\/sv\/wp-json\/wp\/v2\/media?parent=52665"}],"wp:term":[{"taxonomy":"product_brand","embeddable":true,"href":"https:\/\/www.baazar.se\/sv\/wp-json\/wp\/v2\/product_brand?post=52665"},{"taxonomy":"product_cat","embeddable":true,"href":"https:\/\/www.baazar.se\/sv\/wp-json\/wp\/v2\/product_cat?post=52665"},{"taxonomy":"product_tag","embeddable":true,"href":"https:\/\/www.baazar.se\/sv\/wp-json\/wp\/v2\/product_tag?post=52665"}],"curies":[{"name":"wp","href":"https:\/\/api.w.org\/{rel}","templated":true}]}}