{"id":55379,"date":"2025-07-05T10:44:33","date_gmt":"2025-07-05T08:44:33","guid":{"rendered":"https:\/\/www.baazar.se\/sv\/?post_type=product&#038;p=55379"},"modified":"2026-04-02T21:35:50","modified_gmt":"2026-04-02T19:35:50","slug":"z-006-skank-svart","status":"publish","type":"product","link":"https:\/\/www.baazar.se\/sv\/produkt\/z-006-skank-svart\/","title":{"rendered":"Z-006 sk\u00e4nk, svart"},"content":{"rendered":"","protected":false},"excerpt":{"rendered":"<p>Fantastisk sk\u00e4nk med sk\u00f6n patina. Passar lika bra i badrummet som i k\u00f6ket eller hallen. Dimensioner: Djup 38 cm, Bredd 150 cm, H\u00f6jd 90 cm.<\/p>\n<p>En unik m\u00f6bel till ditt hem<br \/>\nBaazar tillverkar och renoverar m\u00f6bler varsamt f\u00f6r hand enligt tusen\u00e5riga traditioner. Alla m\u00f6bler tillverkas helt utav tr\u00e4. <a href=\"https:\/\/www.baazar.se\/sv\/baazars-mobelverkstad\/\">L\u00e4s mer om v\u00e5r produktion h\u00e4r\u2026<\/a><\/p>\n","protected":false},"featured_media":55380,"template":"","meta":[],"product_brand":[],"product_cat":[360,130,358,395,370,368,140,357,424,134,359],"product_tag":[166,304,112,168,353,377],"class_list":{"0":"post-55379","1":"product","2":"type-product","3":"status-publish","4":"has-post-thumbnail","6":"product_cat-badrum","7":"product_cat-byra","8":"product_cat-hall","9":"product_cat-hallmobler","10":"product_cat-medium_skap","11":"product_cat-side-board","12":"product_cat-skankar","13":"product_cat-sovrum","14":"product_cat-supererbjudande","15":"product_cat-tv-bankar","16":"product_cat-vardagsrum","17":"product_tag-byra","18":"product_tag-byraer","19":"product_tag-sideboard","20":"product_tag-skank","21":"product_tag-vardagsrum","22":"product_tag-vit","23":"product_shipping_class-hemleverans-21-999kg-900","24":"tm-has-options","26":"first","27":"onbackorder","28":"sale","29":"taxable","30":"shipping-taxable","31":"purchasable","32":"product-type-simple"},"_links":{"self":[{"href":"https:\/\/www.baazar.se\/sv\/wp-json\/wp\/v2\/product\/55379","targetHints":{"allow":["GET"]}}],"collection":[{"href":"https:\/\/www.baazar.se\/sv\/wp-json\/wp\/v2\/product"}],"about":[{"href":"https:\/\/www.baazar.se\/sv\/wp-json\/wp\/v2\/types\/product"}],"wp:featuredmedia":[{"embeddable":true,"href":"https:\/\/www.baazar.se\/sv\/wp-json\/wp\/v2\/media\/55380"}],"wp:attachment":[{"href":"https:\/\/www.baazar.se\/sv\/wp-json\/wp\/v2\/media?parent=55379"}],"wp:term":[{"taxonomy":"product_brand","embeddable":true,"href":"https:\/\/www.baazar.se\/sv\/wp-json\/wp\/v2\/product_brand?post=55379"},{"taxonomy":"product_cat","embeddable":true,"href":"https:\/\/www.baazar.se\/sv\/wp-json\/wp\/v2\/product_cat?post=55379"},{"taxonomy":"product_tag","embeddable":true,"href":"https:\/\/www.baazar.se\/sv\/wp-json\/wp\/v2\/product_tag?post=55379"}],"curies":[{"name":"wp","href":"https:\/\/api.w.org\/{rel}","templated":true}]}}