{"id":55384,"date":"2025-07-05T11:06:22","date_gmt":"2025-07-05T09:06:22","guid":{"rendered":"https:\/\/www.baazar.se\/sv\/?post_type=product&#038;p=55384"},"modified":"2026-03-26T15:45:48","modified_gmt":"2026-03-26T14:45:48","slug":"de-11-soffbord-brunt","status":"publish","type":"product","link":"https:\/\/www.baazar.se\/sv\/produkt\/de-11-soffbord-brunt\/","title":{"rendered":"DE-11 soffbord naturbrunt"},"content":{"rendered":"","protected":false},"excerpt":{"rendered":"<p>Fint soffbord. Rottinghylla och metallhjul. Dimensioner: Diameter <span class=\"product_dimensions\">90 cm och h\u00f6jd 48 cm.<\/span><\/p>\n<p>En unik m\u00f6bel till ditt hem<br \/>\nBaazar tillverkar och renoverar m\u00f6bler varsamt f\u00f6r hand enligt tusen\u00e5riga traditioner. Alla m\u00f6bler tillverkas helt utav tr\u00e4. <a href=\"https:\/\/www.baazar.se\/sv\/baazars-mobelverkstad\/\">L\u00e4s mer om v\u00e5r produktion h\u00e4r\u2026<\/a><\/p>\n","protected":false},"featured_media":55385,"template":"","meta":[],"product_brand":[],"product_cat":[367,392,357,424,359],"product_tag":[115,375],"class_list":{"0":"post-55384","1":"product","2":"type-product","3":"status-publish","4":"has-post-thumbnail","6":"product_cat-bord","7":"product_cat-soffbord","8":"product_cat-sovrum","9":"product_cat-supererbjudande","10":"product_cat-vardagsrum","11":"product_tag-bord","12":"product_tag-svart","13":"product_shipping_class-hemleverans-18-21kg-900","14":"tm-has-options","16":"first","17":"instock","18":"sale","19":"featured","20":"taxable","21":"shipping-taxable","22":"purchasable","23":"product-type-simple"},"_links":{"self":[{"href":"https:\/\/www.baazar.se\/sv\/wp-json\/wp\/v2\/product\/55384","targetHints":{"allow":["GET"]}}],"collection":[{"href":"https:\/\/www.baazar.se\/sv\/wp-json\/wp\/v2\/product"}],"about":[{"href":"https:\/\/www.baazar.se\/sv\/wp-json\/wp\/v2\/types\/product"}],"wp:featuredmedia":[{"embeddable":true,"href":"https:\/\/www.baazar.se\/sv\/wp-json\/wp\/v2\/media\/55385"}],"wp:attachment":[{"href":"https:\/\/www.baazar.se\/sv\/wp-json\/wp\/v2\/media?parent=55384"}],"wp:term":[{"taxonomy":"product_brand","embeddable":true,"href":"https:\/\/www.baazar.se\/sv\/wp-json\/wp\/v2\/product_brand?post=55384"},{"taxonomy":"product_cat","embeddable":true,"href":"https:\/\/www.baazar.se\/sv\/wp-json\/wp\/v2\/product_cat?post=55384"},{"taxonomy":"product_tag","embeddable":true,"href":"https:\/\/www.baazar.se\/sv\/wp-json\/wp\/v2\/product_tag?post=55384"}],"curies":[{"name":"wp","href":"https:\/\/api.w.org\/{rel}","templated":true}]}}