{"id":56337,"date":"2026-03-16T15:12:38","date_gmt":"2026-03-16T14:12:38","guid":{"rendered":"https:\/\/www.baazar.se\/sv\/?post_type=product&#038;p=56337"},"modified":"2026-03-26T15:40:03","modified_gmt":"2026-03-26T14:40:03","slug":"east-007","status":"publish","type":"product","link":"https:\/\/www.baazar.se\/sv\/produkt\/east-007\/","title":{"rendered":"East-007"},"content":{"rendered":"","protected":false},"excerpt":{"rendered":"<p>Fantastiskt vackert vintagesk\u00e5p med arbetat tr\u00e4 och ljuvlig f\u00e4rg med patina.<\/p>\n<p>H\u00f6jd: 71 cm<\/p>\n<p>Bredd: 62 cm<\/p>\n<p>Djup: 36 cm<\/p>\n","protected":false},"featured_media":56339,"template":"","meta":[],"product_brand":[],"product_cat":[360,409,372,358,394,107,108,357],"product_tag":[],"class_list":{"0":"post-56337","1":"product","2":"type-product","3":"status-publish","4":"has-post-thumbnail","6":"product_cat-badrum","7":"product_cat-east","8":"product_cat-fargstarkt","9":"product_cat-hall","10":"product_cat-sangskap","11":"product_cat-skap","12":"product_cat-sma","13":"product_cat-sovrum","14":"tm-has-options","16":"first","17":"instock","18":"sale","19":"featured","20":"taxable","21":"shipping-taxable","22":"purchasable","23":"product-type-simple"},"_links":{"self":[{"href":"https:\/\/www.baazar.se\/sv\/wp-json\/wp\/v2\/product\/56337","targetHints":{"allow":["GET"]}}],"collection":[{"href":"https:\/\/www.baazar.se\/sv\/wp-json\/wp\/v2\/product"}],"about":[{"href":"https:\/\/www.baazar.se\/sv\/wp-json\/wp\/v2\/types\/product"}],"wp:featuredmedia":[{"embeddable":true,"href":"https:\/\/www.baazar.se\/sv\/wp-json\/wp\/v2\/media\/56339"}],"wp:attachment":[{"href":"https:\/\/www.baazar.se\/sv\/wp-json\/wp\/v2\/media?parent=56337"}],"wp:term":[{"taxonomy":"product_brand","embeddable":true,"href":"https:\/\/www.baazar.se\/sv\/wp-json\/wp\/v2\/product_brand?post=56337"},{"taxonomy":"product_cat","embeddable":true,"href":"https:\/\/www.baazar.se\/sv\/wp-json\/wp\/v2\/product_cat?post=56337"},{"taxonomy":"product_tag","embeddable":true,"href":"https:\/\/www.baazar.se\/sv\/wp-json\/wp\/v2\/product_tag?post=56337"}],"curies":[{"name":"wp","href":"https:\/\/api.w.org\/{rel}","templated":true}]}}