{"id":5656,"date":"2020-01-04T08:53:26","date_gmt":"2020-01-04T07:53:26","guid":{"rendered":"http:\/\/www.baazar.se\/sv\/produkt\/bokskap-g-167-svart\/"},"modified":"2026-03-26T14:40:15","modified_gmt":"2026-03-26T13:40:15","slug":"bokskap-g-167-svart","status":"publish","type":"product","link":"https:\/\/www.baazar.se\/sv\/produkt\/bokskap-g-167-svart\/","title":{"rendered":"G-167 Boksk\u00e5p, svart"},"content":{"rendered":"","protected":false},"excerpt":{"rendered":"<p>Nytillverkat boksk\u00e5p\u00a040 x 58 x 170 cm.<\/p>\n<p>En unik m\u00f6bel till ditt hem<br \/>\nBaazar tillverkar och renoverar m\u00f6bler varsamt f\u00f6r hand enligt tusen\u00e5riga traditioner. Alla m\u00f6bler tillverkas helt utav tr\u00e4. <a href=\"https:\/\/www.baazar.se\/sv\/baazars-mobelverkstad\/\">L\u00e4s mer om v\u00e5r produktion h\u00e4r&#8230;<\/a><\/p>\n","protected":false},"featured_media":22022,"template":"","meta":[],"product_brand":[],"product_cat":[360,358,370,107,357,359],"product_tag":[380,375],"class_list":{"0":"post-5656","1":"product","2":"type-product","3":"status-publish","4":"has-post-thumbnail","6":"product_cat-badrum","7":"product_cat-hall","8":"product_cat-medium_skap","9":"product_cat-skap","10":"product_cat-sovrum","11":"product_cat-vardagsrum","12":"product_tag-skap","13":"product_tag-svart","14":"product_shipping_class-hemleverans-18-21kg-900","15":"tm-has-options","17":"first","18":"instock","19":"sale","20":"featured","21":"taxable","22":"shipping-taxable","23":"purchasable","24":"product-type-simple"},"_links":{"self":[{"href":"https:\/\/www.baazar.se\/sv\/wp-json\/wp\/v2\/product\/5656","targetHints":{"allow":["GET"]}}],"collection":[{"href":"https:\/\/www.baazar.se\/sv\/wp-json\/wp\/v2\/product"}],"about":[{"href":"https:\/\/www.baazar.se\/sv\/wp-json\/wp\/v2\/types\/product"}],"wp:featuredmedia":[{"embeddable":true,"href":"https:\/\/www.baazar.se\/sv\/wp-json\/wp\/v2\/media\/22022"}],"wp:attachment":[{"href":"https:\/\/www.baazar.se\/sv\/wp-json\/wp\/v2\/media?parent=5656"}],"wp:term":[{"taxonomy":"product_brand","embeddable":true,"href":"https:\/\/www.baazar.se\/sv\/wp-json\/wp\/v2\/product_brand?post=5656"},{"taxonomy":"product_cat","embeddable":true,"href":"https:\/\/www.baazar.se\/sv\/wp-json\/wp\/v2\/product_cat?post=5656"},{"taxonomy":"product_tag","embeddable":true,"href":"https:\/\/www.baazar.se\/sv\/wp-json\/wp\/v2\/product_tag?post=5656"}],"curies":[{"name":"wp","href":"https:\/\/api.w.org\/{rel}","templated":true}]}}