{"id":5709,"date":"2021-10-21T15:34:21","date_gmt":"2021-10-21T13:34:21","guid":{"rendered":"http:\/\/www.baazar.se\/sv\/?post_type=product&#038;p=5709"},"modified":"2026-03-27T11:57:47","modified_gmt":"2026-03-27T10:57:47","slug":"h-016","status":"publish","type":"product","link":"https:\/\/www.baazar.se\/sv\/produkt\/h-016\/","title":{"rendered":"H-016 S\u00e4ngbord"},"content":{"rendered":"","protected":false},"excerpt":{"rendered":"<p>Charmigt s\u00e4ngbord med l\u00e5da och praktisk hylla.<\/p>\n<p>En unik m\u00f6bel till ditt hem<br \/>\nBaazar tillverkar och renoverar m\u00f6bler varsamt f\u00f6r hand enligt tusen\u00e5riga traditioner. Alla m\u00f6bler tillverkas helt utav tr\u00e4. <a href=\"https:\/\/www.baazar.se\/sv\/baazars-mobelverkstad\/\">L\u00e4s mer om v\u00e5r produktion h\u00e4r&#8230;<\/a><\/p>\n","protected":false},"featured_media":34011,"template":"","meta":[],"product_brand":[],"product_cat":[360,367,130,358,394,108,357,359],"product_tag":[],"class_list":{"0":"post-5709","1":"product","2":"type-product","3":"status-publish","4":"has-post-thumbnail","6":"product_cat-badrum","7":"product_cat-bord","8":"product_cat-byra","9":"product_cat-hall","10":"product_cat-sangskap","11":"product_cat-sma","12":"product_cat-sovrum","13":"product_cat-vardagsrum","14":"product_shipping_class-hemleverans-16-18kg-699","15":"tm-has-options","17":"first","18":"onbackorder","19":"taxable","20":"shipping-taxable","21":"purchasable","22":"product-type-simple"},"_links":{"self":[{"href":"https:\/\/www.baazar.se\/sv\/wp-json\/wp\/v2\/product\/5709","targetHints":{"allow":["GET"]}}],"collection":[{"href":"https:\/\/www.baazar.se\/sv\/wp-json\/wp\/v2\/product"}],"about":[{"href":"https:\/\/www.baazar.se\/sv\/wp-json\/wp\/v2\/types\/product"}],"wp:featuredmedia":[{"embeddable":true,"href":"https:\/\/www.baazar.se\/sv\/wp-json\/wp\/v2\/media\/34011"}],"wp:attachment":[{"href":"https:\/\/www.baazar.se\/sv\/wp-json\/wp\/v2\/media?parent=5709"}],"wp:term":[{"taxonomy":"product_brand","embeddable":true,"href":"https:\/\/www.baazar.se\/sv\/wp-json\/wp\/v2\/product_brand?post=5709"},{"taxonomy":"product_cat","embeddable":true,"href":"https:\/\/www.baazar.se\/sv\/wp-json\/wp\/v2\/product_cat?post=5709"},{"taxonomy":"product_tag","embeddable":true,"href":"https:\/\/www.baazar.se\/sv\/wp-json\/wp\/v2\/product_tag?post=5709"}],"curies":[{"name":"wp","href":"https:\/\/api.w.org\/{rel}","templated":true}]}}