{"id":6964,"date":"2016-05-25T16:14:27","date_gmt":"2016-05-25T14:14:27","guid":{"rendered":"http:\/\/www.baazar.se\/sv\/?post_type=product&#038;p=6964"},"modified":"2023-04-04T15:48:34","modified_gmt":"2023-04-04T13:48:34","slug":"presentkort-300","status":"publish","type":"product","link":"https:\/\/www.baazar.se\/sv\/produkt\/presentkort-300\/","title":{"rendered":"Presentkort 300:-"},"content":{"rendered":"","protected":false},"excerpt":{"rendered":"<ul>\n<li>Presentkortet skickas inom loppet av 24 timmar\u00a0ut till mottagarens e-postadress<\/li>\n<li>Presentkortet kan anv\u00e4ndas i webbshoppen eller i butik<\/li>\n<li>I presentkortsmailet anges v\u00e4rdet, avs\u00e4ndarens namn, mottagarens namn och eventuell h\u00e4lsning till mottagaren<\/li>\n<li>Presentkortet kan bara nyttjas av kunder som har leveransadress i Sverige<\/li>\n<li>Ett presentkort kan enbart ha en mottagare, dvs flera mottagare av ett presentkort \u00e4r ej m\u00f6jligt<\/li>\n<li>Aktiveringen av presentkortets v\u00e4rdekod kan ta upp till 24 h. Det g\u00e5r tyv\u00e4rr inte att nyttja presentkortet innan aktiveringen<\/li>\n<li>V\u00e4rdet p\u00e5 presentkortet kan vara mellan 300\u00a0kr och 5\u00a0000 kr<\/li>\n<li>Du kan k\u00f6pa ett obegr\u00e4nsat antal presentkort med samma eller olika v\u00e4rde i samma order<\/li>\n<li>Presentkort kan inte anv\u00e4ndas f\u00f6r att k\u00f6pa nytt presentkort<\/li>\n<li>Det \u00e4r inte m\u00f6jligt att byta in presentkortet mot kontanter<\/li>\n<li>Presentkortet \u00e4r giltigt 1 \u00e5r fr\u00e5n ink\u00f6psdatum.<\/li>\n<li>Vid retur av order som betalats med presentkort \u00e5terf\u00f6rs beloppet till presentkortet efter att returen har registrerats.<\/li>\n<\/ul>\n","protected":false},"featured_media":6959,"template":"","meta":[],"product_brand":[],"product_cat":[386],"product_tag":[387],"class_list":{"0":"post-6964","1":"product","2":"type-product","3":"status-publish","4":"has-post-thumbnail","6":"product_cat-presentkort","7":"product_tag-presentkort","8":"product_shipping_class-leverans-via-e-post","9":"tm-no-options-pxq","11":"first","12":"instock","13":"taxable","14":"shipping-taxable","15":"purchasable","16":"product-type-simple"},"_links":{"self":[{"href":"https:\/\/www.baazar.se\/sv\/wp-json\/wp\/v2\/product\/6964","targetHints":{"allow":["GET"]}}],"collection":[{"href":"https:\/\/www.baazar.se\/sv\/wp-json\/wp\/v2\/product"}],"about":[{"href":"https:\/\/www.baazar.se\/sv\/wp-json\/wp\/v2\/types\/product"}],"wp:featuredmedia":[{"embeddable":true,"href":"https:\/\/www.baazar.se\/sv\/wp-json\/wp\/v2\/media\/6959"}],"wp:attachment":[{"href":"https:\/\/www.baazar.se\/sv\/wp-json\/wp\/v2\/media?parent=6964"}],"wp:term":[{"taxonomy":"product_brand","embeddable":true,"href":"https:\/\/www.baazar.se\/sv\/wp-json\/wp\/v2\/product_brand?post=6964"},{"taxonomy":"product_cat","embeddable":true,"href":"https:\/\/www.baazar.se\/sv\/wp-json\/wp\/v2\/product_cat?post=6964"},{"taxonomy":"product_tag","embeddable":true,"href":"https:\/\/www.baazar.se\/sv\/wp-json\/wp\/v2\/product_tag?post=6964"}],"curies":[{"name":"wp","href":"https:\/\/api.w.org\/{rel}","templated":true}]}}