{"id":7783,"date":"2020-02-01T17:14:28","date_gmt":"2020-02-01T16:14:28","guid":{"rendered":"http:\/\/www.baazar.se\/sv\/produkt\/skank-g-043-vitt\/"},"modified":"2026-01-09T16:40:59","modified_gmt":"2026-01-09T15:40:59","slug":"skank-g-043-vitt","status":"publish","type":"product","link":"https:\/\/www.baazar.se\/sv\/produkt\/skank-g-043-vitt\/","title":{"rendered":"G-043 Sk\u00e4nk, vitt"},"content":{"rendered":"","protected":false},"excerpt":{"rendered":"<p>Fantastisk sk\u00e4nk med sk\u00f6n patina. Passar lika bra i badrummet som i k\u00f6ket eller hallen. Dimensioner: Djup 48 cm, Bredd 135 cm, H\u00f6jd 89 cm.<\/p>\n<p>En unik m\u00f6bel till ditt hem!<br \/>\nBaazar tillverkar och renoverar m\u00f6bler varsamt f\u00f6r hand enligt tusen\u00e5riga traditioner. Alla m\u00f6bler tillverkas helt utav tr\u00e4. <a href=\"https:\/\/www.baazar.se\/sv\/baazars-mobelverkstad\/\">L\u00e4s mer om v\u00e5r produktion h\u00e4r&#8230;<\/a><\/p>\n","protected":false},"featured_media":41512,"template":"","meta":[],"product_brand":[],"product_cat":[360,130,358,395,370,368,140,357,359],"product_tag":[166,168,375],"class_list":{"0":"post-7783","1":"product","2":"type-product","3":"status-publish","4":"has-post-thumbnail","6":"product_cat-badrum","7":"product_cat-byra","8":"product_cat-hall","9":"product_cat-hallmobler","10":"product_cat-medium_skap","11":"product_cat-side-board","12":"product_cat-skankar","13":"product_cat-sovrum","14":"product_cat-vardagsrum","15":"product_tag-byra","16":"product_tag-skank","17":"product_tag-svart","18":"product_shipping_class-hemleverans-18-21kg-900","19":"tm-has-options","21":"first","22":"onbackorder","23":"taxable","24":"shipping-taxable","25":"purchasable","26":"product-type-simple"},"_links":{"self":[{"href":"https:\/\/www.baazar.se\/sv\/wp-json\/wp\/v2\/product\/7783","targetHints":{"allow":["GET"]}}],"collection":[{"href":"https:\/\/www.baazar.se\/sv\/wp-json\/wp\/v2\/product"}],"about":[{"href":"https:\/\/www.baazar.se\/sv\/wp-json\/wp\/v2\/types\/product"}],"wp:featuredmedia":[{"embeddable":true,"href":"https:\/\/www.baazar.se\/sv\/wp-json\/wp\/v2\/media\/41512"}],"wp:attachment":[{"href":"https:\/\/www.baazar.se\/sv\/wp-json\/wp\/v2\/media?parent=7783"}],"wp:term":[{"taxonomy":"product_brand","embeddable":true,"href":"https:\/\/www.baazar.se\/sv\/wp-json\/wp\/v2\/product_brand?post=7783"},{"taxonomy":"product_cat","embeddable":true,"href":"https:\/\/www.baazar.se\/sv\/wp-json\/wp\/v2\/product_cat?post=7783"},{"taxonomy":"product_tag","embeddable":true,"href":"https:\/\/www.baazar.se\/sv\/wp-json\/wp\/v2\/product_tag?post=7783"}],"curies":[{"name":"wp","href":"https:\/\/api.w.org\/{rel}","templated":true}]}}