{"id":8107,"date":"2022-03-20T15:17:37","date_gmt":"2022-03-20T14:17:37","guid":{"rendered":"http:\/\/www.baazar.se\/sv\/produkt\/h-163-vitt\/"},"modified":"2025-08-29T18:44:56","modified_gmt":"2025-08-29T16:44:56","slug":"h-163-vitt","status":"publish","type":"product","link":"https:\/\/www.baazar.se\/sv\/produkt\/h-163-vitt\/","title":{"rendered":"H-163 vitt"},"content":{"rendered":"","protected":false},"excerpt":{"rendered":"<p><span class=\"product_dimensions\">Gammalt sk\u00e5p fr\u00e5n provinsen Zhejiang i Kina. Kan variera n\u00e5got i storlek och utsmyckning. Dimensioner: ca 38 x 60 x 110 cm.<\/span><\/p>\n<p>En unik m\u00f6bel till ditt hem<br \/>\nBaazar tillverkar och renoverar m\u00f6bler varsamt f\u00f6r hand enligt tusen\u00e5riga traditioner. Alla m\u00f6bler tillverkas helt utav tr\u00e4. <a href=\"https:\/\/www.baazar.se\/sv\/baazars-mobelverkstad\/\">L\u00e4s mer om v\u00e5r produktion h\u00e4r&#8230;<\/a><\/p>\n","protected":false},"featured_media":34008,"template":"","meta":[],"product_brand":[],"product_cat":[360,372,358,370,107,108,357,359],"product_tag":[316,380],"class_list":{"0":"post-8107","1":"product","2":"type-product","3":"status-publish","4":"has-post-thumbnail","6":"product_cat-badrum","7":"product_cat-fargstarkt","8":"product_cat-hall","9":"product_cat-medium_skap","10":"product_cat-skap","11":"product_cat-sma","12":"product_cat-sovrum","13":"product_cat-vardagsrum","14":"product_tag-blatt","15":"product_tag-skap","16":"product_shipping_class-hemleverans-10-12kg-299","17":"tm-has-options","19":"first","20":"instock","21":"sale","22":"featured","23":"taxable","24":"shipping-taxable","25":"purchasable","26":"product-type-simple"},"_links":{"self":[{"href":"https:\/\/www.baazar.se\/sv\/wp-json\/wp\/v2\/product\/8107","targetHints":{"allow":["GET"]}}],"collection":[{"href":"https:\/\/www.baazar.se\/sv\/wp-json\/wp\/v2\/product"}],"about":[{"href":"https:\/\/www.baazar.se\/sv\/wp-json\/wp\/v2\/types\/product"}],"wp:featuredmedia":[{"embeddable":true,"href":"https:\/\/www.baazar.se\/sv\/wp-json\/wp\/v2\/media\/34008"}],"wp:attachment":[{"href":"https:\/\/www.baazar.se\/sv\/wp-json\/wp\/v2\/media?parent=8107"}],"wp:term":[{"taxonomy":"product_brand","embeddable":true,"href":"https:\/\/www.baazar.se\/sv\/wp-json\/wp\/v2\/product_brand?post=8107"},{"taxonomy":"product_cat","embeddable":true,"href":"https:\/\/www.baazar.se\/sv\/wp-json\/wp\/v2\/product_cat?post=8107"},{"taxonomy":"product_tag","embeddable":true,"href":"https:\/\/www.baazar.se\/sv\/wp-json\/wp\/v2\/product_tag?post=8107"}],"curies":[{"name":"wp","href":"https:\/\/api.w.org\/{rel}","templated":true}]}}