{"id":8364,"date":"2016-12-01T08:15:36","date_gmt":"2016-12-01T07:15:36","guid":{"rendered":"http:\/\/www.baazar.se\/sv\/?post_type=product&#038;p=8364"},"modified":"2023-04-04T15:45:37","modified_gmt":"2023-04-04T13:45:37","slug":"traurna-be-084","status":"publish","type":"product","link":"https:\/\/www.baazar.se\/sv\/produkt\/traurna-be-084\/","title":{"rendered":"BE-084 Tr\u00e4urna"},"content":{"rendered":"","protected":false},"excerpt":{"rendered":"<p>Varsamt renoverad tr\u00e4urna med lock. BD33 cm x H15\u00a0cm.<\/p>\n<p>En unik m\u00f6bel till ditt hem!<br \/>\nBaazar tillverkar och renoverar m\u00f6bler varsamt f\u00f6r hand enligt tusen\u00e5riga traditioner. Alla m\u00f6bler tillverkas helt utav tr\u00e4. <a href=\"https:\/\/www.baazar.se\/sv\/baazars-mobelverkstad\/\">L\u00e4s mer om v\u00e5r produktion h\u00e4r&#8230;<\/a><\/p>\n","protected":false},"featured_media":8365,"template":"","meta":[],"product_brand":[],"product_cat":[141,142],"product_tag":[],"class_list":{"0":"post-8364","1":"product","2":"type-product","3":"status-publish","4":"has-post-thumbnail","6":"product_cat-fagelburar-skrin-korgar-lyktor-och-mattor","7":"product_cat-porslin-keramik-sten-och-tradgard","8":"product_shipping_class-hemleverans-10-12kg-299","9":"tm-has-options","11":"first","12":"instock","13":"sale","14":"featured","15":"taxable","16":"shipping-taxable","17":"purchasable","18":"product-type-simple"},"_links":{"self":[{"href":"https:\/\/www.baazar.se\/sv\/wp-json\/wp\/v2\/product\/8364","targetHints":{"allow":["GET"]}}],"collection":[{"href":"https:\/\/www.baazar.se\/sv\/wp-json\/wp\/v2\/product"}],"about":[{"href":"https:\/\/www.baazar.se\/sv\/wp-json\/wp\/v2\/types\/product"}],"wp:featuredmedia":[{"embeddable":true,"href":"https:\/\/www.baazar.se\/sv\/wp-json\/wp\/v2\/media\/8365"}],"wp:attachment":[{"href":"https:\/\/www.baazar.se\/sv\/wp-json\/wp\/v2\/media?parent=8364"}],"wp:term":[{"taxonomy":"product_brand","embeddable":true,"href":"https:\/\/www.baazar.se\/sv\/wp-json\/wp\/v2\/product_brand?post=8364"},{"taxonomy":"product_cat","embeddable":true,"href":"https:\/\/www.baazar.se\/sv\/wp-json\/wp\/v2\/product_cat?post=8364"},{"taxonomy":"product_tag","embeddable":true,"href":"https:\/\/www.baazar.se\/sv\/wp-json\/wp\/v2\/product_tag?post=8364"}],"curies":[{"name":"wp","href":"https:\/\/api.w.org\/{rel}","templated":true}]}}